{"id":1976,"date":"2025-12-03T17:41:59","date_gmt":"2025-12-03T15:41:59","guid":{"rendered":"https:\/\/www.englobaconsulting.com\/?page_id=1976"},"modified":"2025-12-03T17:48:04","modified_gmt":"2025-12-03T15:48:04","slug":"nosotros-2","status":"publish","type":"page","link":"https:\/\/www.englobaconsulting.com\/es\/nosotros-2\/","title":{"rendered":"Nosotros 2"},"content":{"rendered":"\t\t<div data-elementor-type=\"wp-page\" data-elementor-id=\"1976\" class=\"elementor elementor-1976\">\n\t\t\t\t<div class=\"elementor-element elementor-element-29ac0236 e-flex e-con-boxed e-con e-parent\" data-id=\"29ac0236\" data-element_type=\"container\">\n\t\t\t\t\t<div class=\"e-con-inner\">\n\t\t\t\t<div class=\"elementor-element elementor-element-51d3dda elementor-widget elementor-widget-image\" data-id=\"51d3dda\" data-element_type=\"widget\" data-widget_type=\"image.default\">\n\t\t\t\t\t\t\t\t\t\t\t\t\t\t\t<img fetchpriority=\"high\" decoding=\"async\" width=\"1024\" height=\"358\" src=\"https:\/\/www.englobaconsulting.com\/wp-content\/uploads\/2018\/12\/header-services-1024x358.jpg\" class=\"attachment-large size-large wp-image-1163\" alt=\"\" srcset=\"https:\/\/www.englobaconsulting.com\/wp-content\/uploads\/2018\/12\/header-services-200x70.jpg 200w, https:\/\/www.englobaconsulting.com\/wp-content\/uploads\/2018\/12\/header-services-300x105.jpg 300w, https:\/\/www.englobaconsulting.com\/wp-content\/uploads\/2018\/12\/header-services-400x140.jpg 400w, https:\/\/www.englobaconsulting.com\/wp-content\/uploads\/2018\/12\/header-services-600x210.jpg 600w, https:\/\/www.englobaconsulting.com\/wp-content\/uploads\/2018\/12\/header-services-768x269.jpg 768w, https:\/\/www.englobaconsulting.com\/wp-content\/uploads\/2018\/12\/header-services-800x280.jpg 800w, https:\/\/www.englobaconsulting.com\/wp-content\/uploads\/2018\/12\/header-services-1024x358.jpg 1024w, https:\/\/www.englobaconsulting.com\/wp-content\/uploads\/2018\/12\/header-services-1200x420.jpg 1200w\" sizes=\"(max-width: 1024px) 100vw, 1024px\" \/>\t\t\t\t\t\t\t\t\t\t\t\t\t\t\t<\/div>\n\t\t\t\t\t<\/div>\n\t\t\t\t<\/div>\n\t\t<div class=\"elementor-element elementor-element-73fac85 e-flex e-con-boxed e-con e-parent\" data-id=\"73fac85\" data-element_type=\"container\">\n\t\t\t\t\t<div class=\"e-con-inner\">\n\t\t\t\t<div class=\"elementor-element elementor-element-f2401fd elementor-widget elementor-widget-heading\" data-id=\"f2401fd\" data-element_type=\"widget\" data-widget_type=\"heading.default\">\n\t\t\t\t\t<h2 class=\"elementor-heading-title elementor-size-default\">Expertos en sostenibilidad con una visi\u00f3n integral del entorno empresarial<\/h2>\t\t\t\t<\/div>\n\t\t\t\t<div class=\"elementor-element elementor-element-e936178 elementor-widget elementor-widget-text-editor\" data-id=\"e936178\" data-element_type=\"widget\" data-widget_type=\"text-editor.default\">\n\t\t\t\t\t\t\t\t\t<p><strong>Nuestro equipo<\/strong><\/p>\t\t\t\t\t\t\t\t<\/div>\n\t\t\t\t<div class=\"elementor-element elementor-element-573ccd8 elementor-widget elementor-widget-text-editor\" data-id=\"573ccd8\" data-element_type=\"widget\" data-widget_type=\"text-editor.default\">\n\t\t\t\t\t\t\t\t\t<p data-start=\"1894\" data-end=\"2160\">El equipo de ENGLOBA CONSULTING est\u00e1 compuesto por profesionales con una s\u00f3lida experiencia en la gesti\u00f3n de problemas ambientales y estrat\u00e9gicos. Nos avalan a\u00f1os de trabajo t\u00e9cnico, enfoque cient\u00edfico y un compromiso \u00e9tico que gu\u00eda cada proyecto.<\/p><p data-start=\"2162\" data-end=\"2414\">Pioneros en la profesionalizaci\u00f3n de las ciencias ambientales, aportamos conocimiento transversal y capacidad de trabajo colaborativo. Nuestro objetivo es ofrecer soluciones que permitan a las empresas progresar sin renunciar al respeto por el entorno.<\/p>\t\t\t\t\t\t\t\t<\/div>\n\t\t\t\t\t<\/div>\n\t\t\t\t<\/div>\n\t\t\t\t<\/div>\n\t\t","protected":false},"excerpt":{"rendered":"<p>Expertos en sostenibilidad con una visi\u00f3n integral del entorno empresarial Nuestro equipo El equipo de ENGLOBA CONSULTING est\u00e1 compuesto por [&hellip;]<\/p>\n","protected":false},"author":3,"featured_media":0,"parent":0,"menu_order":0,"comment_status":"closed","ping_status":"closed","template":"","meta":{"footnotes":""},"class_list":["post-1976","page","type-page","status-publish","hentry"],"yoast_head":"<!-- This site is optimized with the Yoast SEO plugin v26.5 - https:\/\/yoast.com\/wordpress\/plugins\/seo\/ -->\n<title>Nosotros 2 - Engloba Consulting<\/title>\n<meta name=\"robots\" content=\"index, follow, max-snippet:-1, max-image-preview:large, max-video-preview:-1\" \/>\n<link rel=\"canonical\" href=\"https:\/\/www.englobaconsulting.com\/es\/nosotros-2\/\" \/>\n<meta property=\"og:locale\" content=\"es_ES\" \/>\n<meta property=\"og:type\" content=\"article\" \/>\n<meta property=\"og:title\" content=\"Nosotros 2 - Engloba Consulting\" \/>\n<meta property=\"og:description\" content=\"Expertos en sostenibilidad con una visi\u00f3n integral del entorno empresarial Nuestro equipo El equipo de ENGLOBA CONSULTING est\u00e1 compuesto por [&hellip;]\" \/>\n<meta property=\"og:url\" content=\"https:\/\/www.englobaconsulting.com\/es\/nosotros-2\/\" \/>\n<meta property=\"og:site_name\" content=\"Engloba Consulting\" \/>\n<meta property=\"article:modified_time\" content=\"2025-12-03T15:48:04+00:00\" \/>\n<meta property=\"og:image\" content=\"https:\/\/www.englobaconsulting.com\/wp-content\/uploads\/2018\/12\/header-services-1024x358.jpg\" \/>\n<meta name=\"twitter:card\" content=\"summary_large_image\" \/>\n<script type=\"application\/ld+json\" class=\"yoast-schema-graph\">{\"@context\":\"https:\/\/schema.org\",\"@graph\":[{\"@type\":\"WebPage\",\"@id\":\"https:\/\/www.englobaconsulting.com\/es\/nosotros-2\/\",\"url\":\"https:\/\/www.englobaconsulting.com\/es\/nosotros-2\/\",\"name\":\"Nosotros 2 - Engloba Consulting\",\"isPartOf\":{\"@id\":\"https:\/\/www.englobaconsulting.com\/ca\/#website\"},\"primaryImageOfPage\":{\"@id\":\"https:\/\/www.englobaconsulting.com\/es\/nosotros-2\/#primaryimage\"},\"image\":{\"@id\":\"https:\/\/www.englobaconsulting.com\/es\/nosotros-2\/#primaryimage\"},\"thumbnailUrl\":\"https:\/\/www.englobaconsulting.com\/wp-content\/uploads\/2018\/12\/header-services-1024x358.jpg\",\"datePublished\":\"2025-12-03T15:41:59+00:00\",\"dateModified\":\"2025-12-03T15:48:04+00:00\",\"breadcrumb\":{\"@id\":\"https:\/\/www.englobaconsulting.com\/es\/nosotros-2\/#breadcrumb\"},\"inLanguage\":\"es\",\"potentialAction\":[{\"@type\":\"ReadAction\",\"target\":[\"https:\/\/www.englobaconsulting.com\/es\/nosotros-2\/\"]}]},{\"@type\":\"ImageObject\",\"inLanguage\":\"es\",\"@id\":\"https:\/\/www.englobaconsulting.com\/es\/nosotros-2\/#primaryimage\",\"url\":\"https:\/\/www.englobaconsulting.com\/wp-content\/uploads\/2018\/12\/header-services-1024x358.jpg\",\"contentUrl\":\"https:\/\/www.englobaconsulting.com\/wp-content\/uploads\/2018\/12\/header-services-1024x358.jpg\"},{\"@type\":\"BreadcrumbList\",\"@id\":\"https:\/\/www.englobaconsulting.com\/es\/nosotros-2\/#breadcrumb\",\"itemListElement\":[{\"@type\":\"ListItem\",\"position\":1,\"name\":\"Inici\",\"item\":\"https:\/\/www.englobaconsulting.com\/es\/\"},{\"@type\":\"ListItem\",\"position\":2,\"name\":\"Nosotros 2\"}]},{\"@type\":\"WebSite\",\"@id\":\"https:\/\/www.englobaconsulting.com\/ca\/#website\",\"url\":\"https:\/\/www.englobaconsulting.com\/ca\/\",\"name\":\"Engloba Consulting\",\"description\":\"\",\"publisher\":{\"@id\":\"https:\/\/www.englobaconsulting.com\/ca\/#organization\"},\"potentialAction\":[{\"@type\":\"SearchAction\",\"target\":{\"@type\":\"EntryPoint\",\"urlTemplate\":\"https:\/\/www.englobaconsulting.com\/ca\/?s={search_term_string}\"},\"query-input\":{\"@type\":\"PropertyValueSpecification\",\"valueRequired\":true,\"valueName\":\"search_term_string\"}}],\"inLanguage\":\"es\"},{\"@type\":\"Organization\",\"@id\":\"https:\/\/www.englobaconsulting.com\/ca\/#organization\",\"name\":\"englobaconsulting\",\"url\":\"https:\/\/www.englobaconsulting.com\/ca\/\",\"logo\":{\"@type\":\"ImageObject\",\"inLanguage\":\"es\",\"@id\":\"https:\/\/www.englobaconsulting.com\/ca\/#\/schema\/logo\/image\/\",\"url\":\"https:\/\/englobaconsulting.com\/wp-content\/uploads\/2018\/10\/logo-header-1x.png\",\"contentUrl\":\"https:\/\/englobaconsulting.com\/wp-content\/uploads\/2018\/10\/logo-header-1x.png\",\"width\":254,\"height\":70,\"caption\":\"englobaconsulting\"},\"image\":{\"@id\":\"https:\/\/www.englobaconsulting.com\/ca\/#\/schema\/logo\/image\/\"}}]}<\/script>\n<!-- \/ Yoast SEO plugin. -->","yoast_head_json":{"title":"Nosotros 2 - Engloba Consulting","robots":{"index":"index","follow":"follow","max-snippet":"max-snippet:-1","max-image-preview":"max-image-preview:large","max-video-preview":"max-video-preview:-1"},"canonical":"https:\/\/www.englobaconsulting.com\/es\/nosotros-2\/","og_locale":"es_ES","og_type":"article","og_title":"Nosotros 2 - Engloba Consulting","og_description":"Expertos en sostenibilidad con una visi\u00f3n integral del entorno empresarial Nuestro equipo El equipo de ENGLOBA CONSULTING est\u00e1 compuesto por [&hellip;]","og_url":"https:\/\/www.englobaconsulting.com\/es\/nosotros-2\/","og_site_name":"Engloba Consulting","article_modified_time":"2025-12-03T15:48:04+00:00","og_image":[{"url":"https:\/\/www.englobaconsulting.com\/wp-content\/uploads\/2018\/12\/header-services-1024x358.jpg","type":"","width":"","height":""}],"twitter_card":"summary_large_image","schema":{"@context":"https:\/\/schema.org","@graph":[{"@type":"WebPage","@id":"https:\/\/www.englobaconsulting.com\/es\/nosotros-2\/","url":"https:\/\/www.englobaconsulting.com\/es\/nosotros-2\/","name":"Nosotros 2 - Engloba Consulting","isPartOf":{"@id":"https:\/\/www.englobaconsulting.com\/ca\/#website"},"primaryImageOfPage":{"@id":"https:\/\/www.englobaconsulting.com\/es\/nosotros-2\/#primaryimage"},"image":{"@id":"https:\/\/www.englobaconsulting.com\/es\/nosotros-2\/#primaryimage"},"thumbnailUrl":"https:\/\/www.englobaconsulting.com\/wp-content\/uploads\/2018\/12\/header-services-1024x358.jpg","datePublished":"2025-12-03T15:41:59+00:00","dateModified":"2025-12-03T15:48:04+00:00","breadcrumb":{"@id":"https:\/\/www.englobaconsulting.com\/es\/nosotros-2\/#breadcrumb"},"inLanguage":"es","potentialAction":[{"@type":"ReadAction","target":["https:\/\/www.englobaconsulting.com\/es\/nosotros-2\/"]}]},{"@type":"ImageObject","inLanguage":"es","@id":"https:\/\/www.englobaconsulting.com\/es\/nosotros-2\/#primaryimage","url":"https:\/\/www.englobaconsulting.com\/wp-content\/uploads\/2018\/12\/header-services-1024x358.jpg","contentUrl":"https:\/\/www.englobaconsulting.com\/wp-content\/uploads\/2018\/12\/header-services-1024x358.jpg"},{"@type":"BreadcrumbList","@id":"https:\/\/www.englobaconsulting.com\/es\/nosotros-2\/#breadcrumb","itemListElement":[{"@type":"ListItem","position":1,"name":"Inici","item":"https:\/\/www.englobaconsulting.com\/es\/"},{"@type":"ListItem","position":2,"name":"Nosotros 2"}]},{"@type":"WebSite","@id":"https:\/\/www.englobaconsulting.com\/ca\/#website","url":"https:\/\/www.englobaconsulting.com\/ca\/","name":"Engloba Consulting","description":"","publisher":{"@id":"https:\/\/www.englobaconsulting.com\/ca\/#organization"},"potentialAction":[{"@type":"SearchAction","target":{"@type":"EntryPoint","urlTemplate":"https:\/\/www.englobaconsulting.com\/ca\/?s={search_term_string}"},"query-input":{"@type":"PropertyValueSpecification","valueRequired":true,"valueName":"search_term_string"}}],"inLanguage":"es"},{"@type":"Organization","@id":"https:\/\/www.englobaconsulting.com\/ca\/#organization","name":"englobaconsulting","url":"https:\/\/www.englobaconsulting.com\/ca\/","logo":{"@type":"ImageObject","inLanguage":"es","@id":"https:\/\/www.englobaconsulting.com\/ca\/#\/schema\/logo\/image\/","url":"https:\/\/englobaconsulting.com\/wp-content\/uploads\/2018\/10\/logo-header-1x.png","contentUrl":"https:\/\/englobaconsulting.com\/wp-content\/uploads\/2018\/10\/logo-header-1x.png","width":254,"height":70,"caption":"englobaconsulting"},"image":{"@id":"https:\/\/www.englobaconsulting.com\/ca\/#\/schema\/logo\/image\/"}}]}},"_links":{"self":[{"href":"https:\/\/www.englobaconsulting.com\/es\/wp-json\/wp\/v2\/pages\/1976","targetHints":{"allow":["GET"]}}],"collection":[{"href":"https:\/\/www.englobaconsulting.com\/es\/wp-json\/wp\/v2\/pages"}],"about":[{"href":"https:\/\/www.englobaconsulting.com\/es\/wp-json\/wp\/v2\/types\/page"}],"author":[{"embeddable":true,"href":"https:\/\/www.englobaconsulting.com\/es\/wp-json\/wp\/v2\/users\/3"}],"replies":[{"embeddable":true,"href":"https:\/\/www.englobaconsulting.com\/es\/wp-json\/wp\/v2\/comments?post=1976"}],"version-history":[{"count":4,"href":"https:\/\/www.englobaconsulting.com\/es\/wp-json\/wp\/v2\/pages\/1976\/revisions"}],"predecessor-version":[{"id":1986,"href":"https:\/\/www.englobaconsulting.com\/es\/wp-json\/wp\/v2\/pages\/1976\/revisions\/1986"}],"wp:attachment":[{"href":"https:\/\/www.englobaconsulting.com\/es\/wp-json\/wp\/v2\/media?parent=1976"}],"curies":[{"name":"wp","href":"https:\/\/api.w.org\/{rel}","templated":true}]}}