{"id":1364,"date":"2018-12-10T17:20:37","date_gmt":"2018-12-10T15:20:37","guid":{"rendered":"https:\/\/englobaconsulting.com\/nosaltres\/"},"modified":"2025-12-04T10:28:03","modified_gmt":"2025-12-04T08:28:03","slug":"nosotros-3","status":"publish","type":"page","link":"https:\/\/www.englobaconsulting.com\/es\/nosotros-3\/","title":{"rendered":"Nosotros"},"content":{"rendered":"<p><div class=\"fusion-bg-parallax\" data-bg-align=\"center top\" data-direction=\"up\" data-mute=\"false\" data-opacity=\"100\" data-velocity=\"-0.3\" data-mobile-enabled=\"false\" data-break_parents=\"0\" data-bg-image=\"https:\/\/englobaconsulting.com\/wp-content\/uploads\/2018\/12\/header-about-us.jpg\" data-bg-repeat=\"false\" ><\/div><div class=\"fusion-fullwidth fullwidth-box fusion-builder-row-1 fusion-parallax-up nonhundred-percent-fullwidth non-hundred-percent-height-scrolling\" style=\"background-color: rgba(255,255,255,0);background-image: url(&quot;https:\/\/englobaconsulting.com\/wp-content\/uploads\/2018\/12\/header-about-us.jpg&quot;);background-position: center top;background-repeat: no-repeat;padding-top:8%;padding-right:0px;padding-bottom:8%;padding-left:0px;margin-bottom: 0px;margin-top: 0px;border-width: 0px 0px 0px 0px;border-color:#e5e5e5;border-style:solid;-webkit-background-size:cover;-moz-background-size:cover;-o-background-size:cover;background-size:cover;\" ><div class=\"fusion-builder-row fusion-row\"><div class=\"fusion-layout-column fusion_builder_column fusion-builder-column-0 fusion_builder_column_1_1 1_1 fusion-one-full fusion-column-first fusion-column-last fusion-animated\" style=\"margin-top:0px;margin-bottom:20px;\" data-animationType=\"fadeInDown\" data-animationDuration=\"0.6\" data-animationOffset=\"100%\"><div class=\"fusion-column-wrapper fusion-flex-column-wrapper-legacy\" style=\"background-position:left top;background-repeat:no-repeat;-webkit-background-size:cover;-moz-background-size:cover;-o-background-size:cover;background-size:cover;padding: 0px 0px 0px 0px;\"><div class=\"fusion-sep-clear\"><\/div><div class=\"fusion-separator fusion-no-medium-visibility fusion-no-large-visibility fusion-full-width-sep\" style=\"margin-left: auto;margin-right: auto;margin-top:8%;width:100%;\"><\/div><div class=\"fusion-sep-clear\"><\/div><style type=\"text\/css\"><\/style><div class=\"fusion-title title fusion-title-1 fusion-sep-none fusion-title-center fusion-title-text fusion-title-size-one\" style=\"margin-top:0px;margin-right:0px;margin-bottom:0px;margin-left:0px;\"><h1 class=\"title-heading-center\" style=\"margin:0;\"><p style=\"text-align: center;\"><span style=\"color: #ffffff;\">NOSOTROS<\/span><\/p><\/h1><\/div><style type=\"text\/css\"><\/style><div class=\"fusion-title title fusion-title-2 fusion-sep-none fusion-title-center fusion-title-text fusion-title-size-six\" style=\"margin-top:0px;margin-right:0px;margin-bottom:15px;margin-left:0px;\"><h6 class=\"title-heading-center\" style=\"margin:0;\"><p style=\"text-align: center;\"><span style=\"color: #ffffff;\">VALORES, EQUIPO Y RESPONSABILIDAD<\/span><\/p><\/h6><\/div><div class=\"fusion-clearfix\"><\/div><\/div><\/div><\/div><\/div><div class=\"fusion-fullwidth fullwidth-box fusion-builder-row-2 hundred-percent-fullwidth non-hundred-percent-height-scrolling fusion-equal-height-columns\" style=\"background-color: rgba(255,255,255,0);background-position: center center;background-repeat: no-repeat;padding-top:0px;padding-right:0px;padding-bottom:0px;padding-left:0px;margin-bottom: 0px;margin-top: 0px;border-width: 0px 0px 0px 0px;border-color:#e5e5e5;border-style:solid;\" ><div class=\"fusion-builder-row fusion-row\"><div class=\"fusion-layout-column fusion_builder_column fusion-builder-column-1 fusion_builder_column_1_2 1_2 fusion-one-half fusion-column-first fusion-animated\" style=\"width:50%;width:calc(50% - ( ( 0 ) * 0.5 ) );margin-right: 0px;margin-top:0px;margin-bottom:0px;\" data-animationType=\"slideInLeft\" data-animationDuration=\"0.6\" data-animationOffset=\"100%\"><div class=\"fusion-column-wrapper fusion-flex-column-wrapper-legacy\" style=\"background-position:left top;background-repeat:no-repeat;-webkit-background-size:cover;-moz-background-size:cover;-o-background-size:cover;background-size:cover;background-color:#f7f7f7;padding: 12% 10% 8% 10%;\"><style type=\"text\/css\"><\/style><div class=\"fusion-title title fusion-title-3 fusion-sep-none fusion-title-text fusion-title-size-two\" style=\"margin-top:0px;margin-right:0px;margin-bottom:31px;margin-left:0px;\"><h2 class=\"title-heading-left\" style=\"margin:0;\">Misi\u00f3n, visi\u00f3n y valores<\/h2><\/div><span class=\" fusion-imageframe imageframe-none imageframe-1 hover-type-none\"><img fetchpriority=\"high\" fetchpriority=\"high\" decoding=\"async\" width=\"1500\" height=\"912\" title=\"values\" src=\"https:\/\/www.englobaconsulting.com\/wp-content\/uploads\/2018\/12\/values.jpg\" class=\"img-responsive wp-image-1069\" srcset=\"https:\/\/www.englobaconsulting.com\/wp-content\/uploads\/2018\/12\/values-200x122.jpg 200w, https:\/\/www.englobaconsulting.com\/wp-content\/uploads\/2018\/12\/values-400x243.jpg 400w, https:\/\/www.englobaconsulting.com\/wp-content\/uploads\/2018\/12\/values-600x365.jpg 600w, https:\/\/www.englobaconsulting.com\/wp-content\/uploads\/2018\/12\/values-800x486.jpg 800w, https:\/\/www.englobaconsulting.com\/wp-content\/uploads\/2018\/12\/values-1200x730.jpg 1200w, https:\/\/www.englobaconsulting.com\/wp-content\/uploads\/2018\/12\/values.jpg 1500w\" sizes=\"(max-width: 1000px) 100vw, 600px\" \/><\/span><div class=\"fusion-clearfix\"><\/div><\/div><\/div><div class=\"fusion-layout-column fusion_builder_column fusion-builder-column-2 fusion_builder_column_1_2 1_2 fusion-one-half fusion-column-last fusion-animated\" style=\"width:50%;width:calc(50% - ( ( 0 ) * 0.5 ) );margin-top:0px;margin-bottom:0px;\" data-animationType=\"slideInRight\" data-animationDuration=\"0.6\" data-animationOffset=\"100%\"><div class=\"fusion-column-wrapper fusion-flex-column-wrapper-legacy\" style=\"background-position:left top;background-repeat:no-repeat;-webkit-background-size:cover;-moz-background-size:cover;-o-background-size:cover;background-size:cover;padding: 12% 10% 8% 10%;\"><div class=\"fusion-text fusion-text-1\"><p><span style=\"color: #64912d;\"><strong>ENGLOBA\u00a0<\/strong><strong>CONSULTING<\/strong><\/span>, quiere ser una organizaci\u00f3n comprometida con el <strong>rigor t\u00e9cnico<\/strong> la <strong>\u00e9tica profesional<\/strong> en los campos empresariales de sostenibilidad y cambio clim\u00e1tico. Entendemos los servicios de consultor\u00eda s\u00f3lo desde la \u00f3ptica del <strong>valor a\u00f1adido<\/strong> a sus clientes. Un compromiso tambi\u00e9n con el <strong>conocimiento cient\u00edfico y t\u00e9cnico<\/strong> al servicio del sector empresarial sin prejuicios de ning\u00fan tipo ni soluciones preconcebidas con antelaci\u00f3n. Siempre apostamos por <strong>soluciones a medida<\/strong> para problemas siempre diversos en entornos diversos.<\/p>\n<p>El equipo de <span style=\"color: #64912d;\"><strong>ENGLOBA\u00a0<\/strong><strong>CONSULTING<\/strong><\/span> se caracteriza por establecer <strong>relaciones estables y duraderas<\/strong> con sus clientes basadas en el reconocimiento mutuo del valor de los servicios prestados y las colaboraciones enriquecedoras.<\/p>\n<p><span style=\"color: #64912d;\"><strong>ENGLOBA\u00a0<\/strong><strong>CONSULTING<\/strong><\/span>, tiene la vocaci\u00f3n de trabajo sin l\u00edmites ni fronteras para adquirir los conocimientos a escala internacional y ser capaces de traslladarlos a escala local, haciendo v\u00e1lido el principio de \u00abpiensa globalmente y act\u00faa localmente\u00bb. El personal de <span style=\"color: #64912d;\"><strong>ENGLOBA\u00a0<\/strong><strong>CONSULTING<\/strong><\/span> es activo a <strong>nivel internacional<\/strong> para proveer a sus clientes locales las mejores soluciones posibles.<\/p>\n<\/div><div class=\"fusion-clearfix\"><\/div><\/div><\/div><\/div><\/div><div class=\"fusion-fullwidth fullwidth-box fusion-builder-row-3 hundred-percent-fullwidth non-hundred-percent-height-scrolling fusion-equal-height-columns\" style=\"background-color: rgba(255,255,255,0);background-position: center center;background-repeat: no-repeat;padding-top:0px;padding-right:0px;padding-bottom:0px;padding-left:0px;margin-bottom: 0px;margin-top: 0px;border-width: 0px 0px 0px 0px;border-color:#e5e5e5;border-style:solid;\" ><div class=\"fusion-builder-row fusion-row\"><div class=\"fusion-layout-column fusion_builder_column fusion-builder-column-3 fusion_builder_column_1_2 1_2 fusion-one-half fusion-column-first fusion-animated\" style=\"width:50%;width:calc(50% - ( ( 0 ) * 0.5 ) );margin-right: 0px;margin-top:0px;margin-bottom:0px;\" data-animationType=\"slideInLeft\" data-animationDuration=\"0.6\" data-animationOffset=\"100%\"><div class=\"fusion-column-wrapper fusion-flex-column-wrapper-legacy\" style=\"background-position:left top;background-repeat:no-repeat;-webkit-background-size:cover;-moz-background-size:cover;-o-background-size:cover;background-size:cover;padding: 12% 10% 8% 10%;\"><style type=\"text\/css\"><\/style><div class=\"fusion-title title fusion-title-4 fusion-sep-none fusion-title-text fusion-title-size-two\" style=\"margin-top:0px;margin-right:0px;margin-bottom:31px;margin-left:0px;\"><h2 class=\"title-heading-left\" style=\"margin:0;\">Equipo Engloba Consulting<\/h2><\/div><span class=\" fusion-imageframe imageframe-none imageframe-2 hover-type-none\"><img decoding=\"async\" width=\"1500\" height=\"912\" title=\"team\" src=\"https:\/\/www.englobaconsulting.com\/wp-content\/uploads\/2018\/12\/team.jpg\" class=\"img-responsive wp-image-1075\" srcset=\"https:\/\/www.englobaconsulting.com\/wp-content\/uploads\/2018\/12\/team-200x122.jpg 200w, https:\/\/www.englobaconsulting.com\/wp-content\/uploads\/2018\/12\/team-400x243.jpg 400w, https:\/\/www.englobaconsulting.com\/wp-content\/uploads\/2018\/12\/team-600x365.jpg 600w, https:\/\/www.englobaconsulting.com\/wp-content\/uploads\/2018\/12\/team-800x486.jpg 800w, https:\/\/www.englobaconsulting.com\/wp-content\/uploads\/2018\/12\/team-1200x730.jpg 1200w, https:\/\/www.englobaconsulting.com\/wp-content\/uploads\/2018\/12\/team.jpg 1500w\" sizes=\"(max-width: 1000px) 100vw, 600px\" \/><\/span><div class=\"fusion-clearfix\"><\/div><\/div><\/div><div class=\"fusion-layout-column fusion_builder_column fusion-builder-column-4 fusion_builder_column_1_2 1_2 fusion-one-half fusion-column-last fusion-animated\" style=\"width:50%;width:calc(50% - ( ( 0 ) * 0.5 ) );margin-top:0px;margin-bottom:0px;\" data-animationType=\"slideInRight\" data-animationDuration=\"0.6\" data-animationOffset=\"100%\"><div class=\"fusion-column-wrapper fusion-flex-column-wrapper-legacy\" style=\"background-position:left top;background-repeat:no-repeat;-webkit-background-size:cover;-moz-background-size:cover;-o-background-size:cover;background-size:cover;background-color:#f7f7f7;padding: 12% 10% 8% 10%;\"><div class=\"fusion-text fusion-text-2\"><p><span style=\"color: #64912d;\"><strong>ENGLOBA\u00a0<\/strong><strong>CONSULTING<\/strong><\/span>, est\u00e1 formado por un equipo de personas entusiastas y comprometidas con el progreso sostenible de empresas y organizaciones. El personal de <span style=\"color: #64912d;\"><strong>ENGLOBA\u00a0<\/strong><strong>CONSULTING<\/strong><\/span> tiene una larga trayectoria en la resoluci\u00f3n de problemas ambientales y empresariales desde la experiencia, el conocimiento t\u00e9cnico, la \u00e9tica y el rigor profesional de sus trabajadores y colaboradores.<\/p>\n<p>El equipo que conforma <span style=\"color: #64912d;\"><strong>ENGLOBA\u00a0<\/strong><strong>CONSULTING\u00a0<\/strong><\/span>es pionero en la profesionalizaci\u00f3n de las ciencias ambientales puesta al servicio de empresas industriales y organizaciones. Sus fundadores forman parte de los primeros profesionales ambientales con competencias universitarias espec\u00edficas en este pa\u00eds. Aunque se tratar de una firma consultora joven, el equipo que la crea posee una dilatada experiencia en los \u00e1mbitos de la sostenibilidad y la mejora continua. Posee una visi\u00f3n integral de los problemas y alta capacidad de trabajo en equipo para ayudar a las empresas a compatibilizar progreso econ\u00f3mico con respecto al entorno.<\/p>\n<\/div><div class=\"fusion-clearfix\"><\/div><\/div><\/div><\/div><\/div><div class=\"fusion-fullwidth fullwidth-box fusion-builder-row-4 hundred-percent-fullwidth non-hundred-percent-height-scrolling fusion-equal-height-columns\" style=\"background-color: rgba(255,255,255,0);background-position: center center;background-repeat: no-repeat;padding-top:0px;padding-right:0px;padding-bottom:0px;padding-left:0px;margin-bottom: 0px;margin-top: 0px;border-width: 0px 0px 0px 0px;border-color:#e5e5e5;border-style:solid;\" ><div class=\"fusion-builder-row fusion-row\"><div class=\"fusion-layout-column fusion_builder_column fusion-builder-column-5 fusion_builder_column_1_2 1_2 fusion-one-half fusion-column-first fusion-animated\" style=\"width:50%;width:calc(50% - ( ( 0 ) * 0.5 ) );margin-right: 0px;margin-top:0px;margin-bottom:0px;\" data-animationType=\"slideInLeft\" data-animationDuration=\"0.6\" data-animationOffset=\"100%\"><div class=\"fusion-column-wrapper fusion-flex-column-wrapper-legacy\" style=\"background-position:left top;background-repeat:no-repeat;-webkit-background-size:cover;-moz-background-size:cover;-o-background-size:cover;background-size:cover;background-color:#f7f7f7;padding: 12% 10% 8% 10%;\"><style type=\"text\/css\"><\/style><div class=\"fusion-title title fusion-title-5 fusion-sep-none fusion-title-text fusion-title-size-two\" style=\"margin-top:0px;margin-right:0px;margin-bottom:31px;margin-left:0px;\"><h2 class=\"title-heading-left\" style=\"margin:0;\">Responsabilidad social<\/h2><\/div><span class=\" fusion-imageframe imageframe-none imageframe-3 hover-type-none\"><img decoding=\"async\" width=\"1500\" height=\"912\" title=\"responsabilitat\" src=\"https:\/\/www.englobaconsulting.com\/wp-content\/uploads\/2018\/12\/responsabilitat.jpg\" class=\"img-responsive wp-image-1093\" srcset=\"https:\/\/www.englobaconsulting.com\/wp-content\/uploads\/2018\/12\/responsabilitat-200x122.jpg 200w, https:\/\/www.englobaconsulting.com\/wp-content\/uploads\/2018\/12\/responsabilitat-400x243.jpg 400w, https:\/\/www.englobaconsulting.com\/wp-content\/uploads\/2018\/12\/responsabilitat-600x365.jpg 600w, https:\/\/www.englobaconsulting.com\/wp-content\/uploads\/2018\/12\/responsabilitat-800x486.jpg 800w, https:\/\/www.englobaconsulting.com\/wp-content\/uploads\/2018\/12\/responsabilitat-1200x730.jpg 1200w, https:\/\/www.englobaconsulting.com\/wp-content\/uploads\/2018\/12\/responsabilitat.jpg 1500w\" sizes=\"(max-width: 1000px) 100vw, 600px\" \/><\/span><div class=\"fusion-clearfix\"><\/div><\/div><\/div><div class=\"fusion-layout-column fusion_builder_column fusion-builder-column-6 fusion_builder_column_1_2 1_2 fusion-one-half fusion-column-last fusion-animated\" style=\"width:50%;width:calc(50% - ( ( 0 ) * 0.5 ) );margin-top:0px;margin-bottom:0px;\" data-animationType=\"slideInRight\" data-animationDuration=\"0.6\" data-animationOffset=\"100%\"><div class=\"fusion-column-wrapper fusion-flex-column-wrapper-legacy\" style=\"background-position:left top;background-repeat:no-repeat;-webkit-background-size:cover;-moz-background-size:cover;-o-background-size:cover;background-size:cover;padding: 12% 10% 8% 10%;\"><div class=\"fusion-text fusion-text-3\"><p><span lang=\"CA\"><b><span style=\"color: #64912d;\"><strong>ENGLOBA\u00a0<\/strong><strong>CONSULTING<\/strong><\/span><\/b><\/span>, est\u00e1 comprometido con el desarrollo sostenible y la dignidad de las personas, est\u00e9n donde est\u00e9n, sean como sean y vengan de donde vengan. Estas causas son tambi\u00e9n nuestras:<\/p>\n<ul>\n<li><span lang=\"CA\"><b><span style=\"color: #64912d;\"><strong>Kuwonku<\/strong><\/span><\/b><\/span><\/li>\n<\/ul>\n<p style=\"padding-left: 30px;\"><a href=\"http:\/\/ongkuwonku.org\" target=\"_blank\" rel=\"noopener noreferrer\"><img loading=\"lazy\" decoding=\"async\" class=\"alignnone wp-image-1085\" src=\"https:\/\/englobaconsulting.com\/wp-content\/uploads\/2018\/12\/kuwonku.jpg\" alt=\"\" width=\"250\" height=\"121\" srcset=\"https:\/\/www.englobaconsulting.com\/wp-content\/uploads\/2018\/12\/kuwonku-200x97.jpg 200w, https:\/\/www.englobaconsulting.com\/wp-content\/uploads\/2018\/12\/kuwonku-300x145.jpg 300w, https:\/\/www.englobaconsulting.com\/wp-content\/uploads\/2018\/12\/kuwonku-400x194.jpg 400w, https:\/\/www.englobaconsulting.com\/wp-content\/uploads\/2018\/12\/kuwonku.jpg 450w\" sizes=\"(max-width: 250px) 100vw, 250px\" \/><\/a><\/p>\n<ul>\n<li><span lang=\"CA\"><b><span style=\"color: #64912d;\"><strong>EDUCO<\/strong><\/span><\/b><\/span><\/li>\n<\/ul>\n<p style=\"padding-left: 30px;\"><a href=\"https:\/\/www.educo.org\" target=\"_blank\" rel=\"noopener noreferrer\"><img loading=\"lazy\" decoding=\"async\" class=\"alignnone wp-image-1082 size-full\" src=\"https:\/\/englobaconsulting.com\/wp-content\/uploads\/2018\/12\/educo.png\" alt=\"\" width=\"110\" height=\"61\" \/><\/a><\/p>\n<\/div><div class=\"fusion-clearfix\"><\/div><\/div><\/div><\/div><\/div><\/p>\n","protected":false},"excerpt":{"rendered":"","protected":false},"author":1,"featured_media":0,"parent":0,"menu_order":0,"comment_status":"closed","ping_status":"closed","template":"100-width.php","meta":{"footnotes":""},"class_list":["post-1364","page","type-page","status-publish","hentry"],"yoast_head":"<!-- This site is optimized with the Yoast SEO plugin v26.5 - https:\/\/yoast.com\/wordpress\/plugins\/seo\/ -->\n<title>Nosotros - Engloba Consulting<\/title>\n<meta name=\"robots\" content=\"index, follow, max-snippet:-1, max-image-preview:large, max-video-preview:-1\" \/>\n<link rel=\"canonical\" href=\"https:\/\/www.englobaconsulting.com\/es\/nosotros-3\/\" \/>\n<meta property=\"og:locale\" content=\"es_ES\" \/>\n<meta property=\"og:type\" content=\"article\" \/>\n<meta property=\"og:title\" content=\"Nosotros - Engloba Consulting\" \/>\n<meta property=\"og:url\" content=\"https:\/\/www.englobaconsulting.com\/es\/nosotros-3\/\" \/>\n<meta property=\"og:site_name\" content=\"Engloba Consulting\" \/>\n<meta property=\"article:modified_time\" content=\"2025-12-04T08:28:03+00:00\" \/>\n<meta property=\"og:image\" content=\"https:\/\/englobaconsulting.com\/wp-content\/uploads\/2018\/12\/kuwonku.jpg\" \/>\n<meta name=\"twitter:card\" content=\"summary_large_image\" \/>\n<meta name=\"twitter:label1\" content=\"Tiempo de lectura\" \/>\n\t<meta name=\"twitter:data1\" content=\"8 minutos\" \/>\n<script type=\"application\/ld+json\" class=\"yoast-schema-graph\">{\"@context\":\"https:\/\/schema.org\",\"@graph\":[{\"@type\":\"WebPage\",\"@id\":\"https:\/\/www.englobaconsulting.com\/es\/nosotros-3\/\",\"url\":\"https:\/\/www.englobaconsulting.com\/es\/nosotros-3\/\",\"name\":\"Nosotros - Engloba Consulting\",\"isPartOf\":{\"@id\":\"https:\/\/www.englobaconsulting.com\/ca\/#website\"},\"primaryImageOfPage\":{\"@id\":\"https:\/\/www.englobaconsulting.com\/es\/nosotros-3\/#primaryimage\"},\"image\":{\"@id\":\"https:\/\/www.englobaconsulting.com\/es\/nosotros-3\/#primaryimage\"},\"thumbnailUrl\":\"https:\/\/englobaconsulting.com\/wp-content\/uploads\/2018\/12\/kuwonku.jpg\",\"datePublished\":\"2018-12-10T15:20:37+00:00\",\"dateModified\":\"2025-12-04T08:28:03+00:00\",\"breadcrumb\":{\"@id\":\"https:\/\/www.englobaconsulting.com\/es\/nosotros-3\/#breadcrumb\"},\"inLanguage\":\"es\",\"potentialAction\":[{\"@type\":\"ReadAction\",\"target\":[\"https:\/\/www.englobaconsulting.com\/es\/nosotros-3\/\"]}]},{\"@type\":\"ImageObject\",\"inLanguage\":\"es\",\"@id\":\"https:\/\/www.englobaconsulting.com\/es\/nosotros-3\/#primaryimage\",\"url\":\"https:\/\/englobaconsulting.com\/wp-content\/uploads\/2018\/12\/kuwonku.jpg\",\"contentUrl\":\"https:\/\/englobaconsulting.com\/wp-content\/uploads\/2018\/12\/kuwonku.jpg\"},{\"@type\":\"BreadcrumbList\",\"@id\":\"https:\/\/www.englobaconsulting.com\/es\/nosotros-3\/#breadcrumb\",\"itemListElement\":[{\"@type\":\"ListItem\",\"position\":1,\"name\":\"Inici\",\"item\":\"https:\/\/www.englobaconsulting.com\/es\/\"},{\"@type\":\"ListItem\",\"position\":2,\"name\":\"Nosotros\"}]},{\"@type\":\"WebSite\",\"@id\":\"https:\/\/www.englobaconsulting.com\/ca\/#website\",\"url\":\"https:\/\/www.englobaconsulting.com\/ca\/\",\"name\":\"Engloba Consulting\",\"description\":\"\",\"publisher\":{\"@id\":\"https:\/\/www.englobaconsulting.com\/ca\/#organization\"},\"potentialAction\":[{\"@type\":\"SearchAction\",\"target\":{\"@type\":\"EntryPoint\",\"urlTemplate\":\"https:\/\/www.englobaconsulting.com\/ca\/?s={search_term_string}\"},\"query-input\":{\"@type\":\"PropertyValueSpecification\",\"valueRequired\":true,\"valueName\":\"search_term_string\"}}],\"inLanguage\":\"es\"},{\"@type\":\"Organization\",\"@id\":\"https:\/\/www.englobaconsulting.com\/ca\/#organization\",\"name\":\"englobaconsulting\",\"url\":\"https:\/\/www.englobaconsulting.com\/ca\/\",\"logo\":{\"@type\":\"ImageObject\",\"inLanguage\":\"es\",\"@id\":\"https:\/\/www.englobaconsulting.com\/ca\/#\/schema\/logo\/image\/\",\"url\":\"https:\/\/englobaconsulting.com\/wp-content\/uploads\/2018\/10\/logo-header-1x.png\",\"contentUrl\":\"https:\/\/englobaconsulting.com\/wp-content\/uploads\/2018\/10\/logo-header-1x.png\",\"width\":254,\"height\":70,\"caption\":\"englobaconsulting\"},\"image\":{\"@id\":\"https:\/\/www.englobaconsulting.com\/ca\/#\/schema\/logo\/image\/\"}}]}<\/script>\n<!-- \/ Yoast SEO plugin. -->","yoast_head_json":{"title":"Nosotros - Engloba Consulting","robots":{"index":"index","follow":"follow","max-snippet":"max-snippet:-1","max-image-preview":"max-image-preview:large","max-video-preview":"max-video-preview:-1"},"canonical":"https:\/\/www.englobaconsulting.com\/es\/nosotros-3\/","og_locale":"es_ES","og_type":"article","og_title":"Nosotros - Engloba Consulting","og_url":"https:\/\/www.englobaconsulting.com\/es\/nosotros-3\/","og_site_name":"Engloba Consulting","article_modified_time":"2025-12-04T08:28:03+00:00","og_image":[{"url":"https:\/\/englobaconsulting.com\/wp-content\/uploads\/2018\/12\/kuwonku.jpg","type":"","width":"","height":""}],"twitter_card":"summary_large_image","twitter_misc":{"Tiempo de lectura":"8 minutos"},"schema":{"@context":"https:\/\/schema.org","@graph":[{"@type":"WebPage","@id":"https:\/\/www.englobaconsulting.com\/es\/nosotros-3\/","url":"https:\/\/www.englobaconsulting.com\/es\/nosotros-3\/","name":"Nosotros - Engloba Consulting","isPartOf":{"@id":"https:\/\/www.englobaconsulting.com\/ca\/#website"},"primaryImageOfPage":{"@id":"https:\/\/www.englobaconsulting.com\/es\/nosotros-3\/#primaryimage"},"image":{"@id":"https:\/\/www.englobaconsulting.com\/es\/nosotros-3\/#primaryimage"},"thumbnailUrl":"https:\/\/englobaconsulting.com\/wp-content\/uploads\/2018\/12\/kuwonku.jpg","datePublished":"2018-12-10T15:20:37+00:00","dateModified":"2025-12-04T08:28:03+00:00","breadcrumb":{"@id":"https:\/\/www.englobaconsulting.com\/es\/nosotros-3\/#breadcrumb"},"inLanguage":"es","potentialAction":[{"@type":"ReadAction","target":["https:\/\/www.englobaconsulting.com\/es\/nosotros-3\/"]}]},{"@type":"ImageObject","inLanguage":"es","@id":"https:\/\/www.englobaconsulting.com\/es\/nosotros-3\/#primaryimage","url":"https:\/\/englobaconsulting.com\/wp-content\/uploads\/2018\/12\/kuwonku.jpg","contentUrl":"https:\/\/englobaconsulting.com\/wp-content\/uploads\/2018\/12\/kuwonku.jpg"},{"@type":"BreadcrumbList","@id":"https:\/\/www.englobaconsulting.com\/es\/nosotros-3\/#breadcrumb","itemListElement":[{"@type":"ListItem","position":1,"name":"Inici","item":"https:\/\/www.englobaconsulting.com\/es\/"},{"@type":"ListItem","position":2,"name":"Nosotros"}]},{"@type":"WebSite","@id":"https:\/\/www.englobaconsulting.com\/ca\/#website","url":"https:\/\/www.englobaconsulting.com\/ca\/","name":"Engloba Consulting","description":"","publisher":{"@id":"https:\/\/www.englobaconsulting.com\/ca\/#organization"},"potentialAction":[{"@type":"SearchAction","target":{"@type":"EntryPoint","urlTemplate":"https:\/\/www.englobaconsulting.com\/ca\/?s={search_term_string}"},"query-input":{"@type":"PropertyValueSpecification","valueRequired":true,"valueName":"search_term_string"}}],"inLanguage":"es"},{"@type":"Organization","@id":"https:\/\/www.englobaconsulting.com\/ca\/#organization","name":"englobaconsulting","url":"https:\/\/www.englobaconsulting.com\/ca\/","logo":{"@type":"ImageObject","inLanguage":"es","@id":"https:\/\/www.englobaconsulting.com\/ca\/#\/schema\/logo\/image\/","url":"https:\/\/englobaconsulting.com\/wp-content\/uploads\/2018\/10\/logo-header-1x.png","contentUrl":"https:\/\/englobaconsulting.com\/wp-content\/uploads\/2018\/10\/logo-header-1x.png","width":254,"height":70,"caption":"englobaconsulting"},"image":{"@id":"https:\/\/www.englobaconsulting.com\/ca\/#\/schema\/logo\/image\/"}}]}},"_links":{"self":[{"href":"https:\/\/www.englobaconsulting.com\/es\/wp-json\/wp\/v2\/pages\/1364","targetHints":{"allow":["GET"]}}],"collection":[{"href":"https:\/\/www.englobaconsulting.com\/es\/wp-json\/wp\/v2\/pages"}],"about":[{"href":"https:\/\/www.englobaconsulting.com\/es\/wp-json\/wp\/v2\/types\/page"}],"author":[{"embeddable":true,"href":"https:\/\/www.englobaconsulting.com\/es\/wp-json\/wp\/v2\/users\/1"}],"replies":[{"embeddable":true,"href":"https:\/\/www.englobaconsulting.com\/es\/wp-json\/wp\/v2\/comments?post=1364"}],"version-history":[{"count":11,"href":"https:\/\/www.englobaconsulting.com\/es\/wp-json\/wp\/v2\/pages\/1364\/revisions"}],"predecessor-version":[{"id":1990,"href":"https:\/\/www.englobaconsulting.com\/es\/wp-json\/wp\/v2\/pages\/1364\/revisions\/1990"}],"wp:attachment":[{"href":"https:\/\/www.englobaconsulting.com\/es\/wp-json\/wp\/v2\/media?parent=1364"}],"curies":[{"name":"wp","href":"https:\/\/api.w.org\/{rel}","templated":true}]}}