{"id":1337,"date":"2018-06-14T11:19:19","date_gmt":"2018-06-14T11:19:19","guid":{"rendered":"https:\/\/englobaconsulting.com\/?page_id=1337"},"modified":"2020-02-21T14:43:06","modified_gmt":"2020-02-21T12:43:06","slug":"blog","status":"publish","type":"page","link":"https:\/\/www.englobaconsulting.com\/en\/blog\/","title":{"rendered":"Blog"},"content":{"rendered":"<p><div class=\"fusion-bg-parallax\" data-bg-align=\"center top\" data-direction=\"up\" data-mute=\"false\" data-opacity=\"100\" data-velocity=\"-0.3\" data-mobile-enabled=\"false\" data-break_parents=\"0\" data-bg-image=\"https:\/\/englobaconsulting.com\/wp-content\/uploads\/2018\/12\/header-news.jpg\" data-bg-repeat=\"false\" ><\/div><div class=\"fusion-fullwidth fullwidth-box fusion-builder-row-1 fusion-parallax-up nonhundred-percent-fullwidth non-hundred-percent-height-scrolling\" style=\"background-color: rgba(255,255,255,0);background-image: url(&quot;https:\/\/englobaconsulting.com\/wp-content\/uploads\/2018\/12\/header-news.jpg&quot;);background-position: center top;background-repeat: no-repeat;padding-top:8%;padding-right:0px;padding-bottom:8%;padding-left:0px;margin-bottom: 0px;margin-top: 0px;border-width: 0px 0px 0px 0px;border-color:#e5e5e5;border-style:solid;-webkit-background-size:cover;-moz-background-size:cover;-o-background-size:cover;background-size:cover;\" ><div class=\"fusion-builder-row fusion-row\"><div class=\"fusion-layout-column fusion_builder_column fusion-builder-column-0 fusion_builder_column_1_1 1_1 fusion-one-full fusion-column-first fusion-column-last fusion-animated\" style=\"margin-top:0px;margin-bottom:16px;\" data-animationType=\"fadeInDown\" data-animationDuration=\"0.6\" data-animationOffset=\"100%\"><div class=\"fusion-column-wrapper fusion-flex-column-wrapper-legacy\" style=\"background-position:left top;background-repeat:no-repeat;-webkit-background-size:cover;-moz-background-size:cover;-o-background-size:cover;background-size:cover;padding: 0px 0px 0px 0px;\"><div class=\"fusion-sep-clear\"><\/div><div class=\"fusion-separator fusion-no-medium-visibility fusion-no-large-visibility fusion-full-width-sep\" style=\"margin-left: auto;margin-right: auto;margin-top:8%;width:100%;\"><\/div><div class=\"fusion-sep-clear\"><\/div><style type=\"text\/css\"><\/style><div class=\"fusion-title title fusion-title-1 fusion-sep-none fusion-title-center fusion-title-text fusion-title-size-one\" style=\"margin-top:0px;margin-right:0px;margin-bottom:0px;margin-left:0px;\"><h1 class=\"title-heading-center\" style=\"margin:0;\"><p style=\"text-align: center;\"><span style=\"color: #ffffff;\">NEWS<\/span><\/p><\/h1><\/div><style type=\"text\/css\"><\/style><div class=\"fusion-title title fusion-title-2 fusion-sep-none fusion-title-center fusion-title-text fusion-title-size-six\" style=\"margin-top:0px;margin-right:0px;margin-bottom:15px;margin-left:0px;\"><h6 class=\"title-heading-center\" style=\"margin:0;\"><p style=\"text-align: center;\"><span style=\"color: #ffffff;\">LATEST NEWS<\/span><\/p><\/h6><\/div><div class=\"fusion-clearfix\"><\/div><\/div><\/div><\/div><\/div><div class=\"fusion-fullwidth fullwidth-box fusion-builder-row-2 nonhundred-percent-fullwidth non-hundred-percent-height-scrolling\" style=\"background-color: rgba(255,255,255,0);background-position: center center;background-repeat: no-repeat;padding-top:6%;padding-right:0px;padding-bottom:7%;padding-left:0px;margin-bottom: 0px;margin-top: 0px;border-width: 0px 0px 0px 0px;border-color:#e5e5e5;border-style:solid;\" ><div class=\"fusion-builder-row fusion-row\"><div class=\"fusion-layout-column fusion_builder_column fusion-builder-column-1 fusion_builder_column_1_1 1_1 fusion-one-full fusion-column-first fusion-column-last fusion-animated\" style=\"margin-top:40px;margin-bottom:30px;\" data-animationType=\"fadeInUp\" data-animationDuration=\"0.6\" data-animationOffset=\"100%\"><div class=\"fusion-column-wrapper fusion-flex-column-wrapper-legacy\" style=\"background-position:left top;background-repeat:no-repeat;-webkit-background-size:cover;-moz-background-size:cover;-o-background-size:cover;background-size:cover;padding: 0px 0px 0px 0px;\"><div class=\"fusion-blog-shortcode fusion-blog-shortcode-1 fusion-blog-archive fusion-blog-layout-grid-wrapper fusion-blog-pagination fusion-blog-layout-center\"><style type=\"text\/css\">.fusion-blog-shortcode-1 .fusion-blog-layout-grid .fusion-post-grid{padding:20px;}.fusion-blog-shortcode-1 .fusion-posts-container{margin-left: -20px !important; margin-right:-20px !important;}<\/style><div class=\"fusion-posts-container fusion-posts-container-pagination fusion-blog-rollover fusion-blog-layout-grid fusion-blog-layout-grid-3 isotope fusion-blog-equal-heights\" data-pages=\"1\" data-grid-col-space=\"40\" style=\"margin: -20px -20px 0;min-height:500px;\"><article id=\"blog-1-post-1944\" class=\"fusion-post-grid post-1944 post type-post status-publish format-standard has-post-thumbnail hentry category-uncategorized\">\n<div class=\"fusion-post-wrapper\" style=\"background-color:rgba(255,255,255,0);border:1px solid #e5e5e5;border-bottom-width:3px;\">\n\n\t\t\t<div class=\"fusion-flexslider flexslider fusion-flexslider-loading fusion-post-slideshow\" style=\"border-color:#e5e5e5;\">\n\t\t<ul class=\"slides\">\n\t\t\t\n\t\t\t\t\t\t\t\t\t\t\t\t\t\t<li>\n\n<div  class=\"fusion-image-wrapper\" aria-haspopup=\"true\">\n\t\n\t\n\t\n\t\t\n\t\t\t\t\t<img fetchpriority=\"high\" decoding=\"async\" width=\"1230\" height=\"923\" src=\"https:\/\/www.englobaconsulting.com\/wp-content\/uploads\/2025\/06\/welcome-engloba.jpeg\" class=\"attachment-full size-full wp-post-image\" alt=\"\" srcset=\"https:\/\/www.englobaconsulting.com\/wp-content\/uploads\/2025\/06\/welcome-engloba-200x150.jpeg 200w, https:\/\/www.englobaconsulting.com\/wp-content\/uploads\/2025\/06\/welcome-engloba-400x300.jpeg 400w, https:\/\/www.englobaconsulting.com\/wp-content\/uploads\/2025\/06\/welcome-engloba-600x450.jpeg 600w, https:\/\/www.englobaconsulting.com\/wp-content\/uploads\/2025\/06\/welcome-engloba-800x600.jpeg 800w, https:\/\/www.englobaconsulting.com\/wp-content\/uploads\/2025\/06\/welcome-engloba-1200x900.jpeg 1200w, https:\/\/www.englobaconsulting.com\/wp-content\/uploads\/2025\/06\/welcome-engloba.jpeg 1230w\" sizes=\"(min-width: 2200px) 100vw, (min-width: 824px) 373px, (min-width: 732px) 560px, (min-width: 640px) 732px, \" \/>\n\t\n\n\t\t<div class=\"fusion-rollover\">\n\t<div class=\"fusion-rollover-content\">\n\n\t\t\t\t\t\t\t\t\t\t\t\t\t\t<a class=\"fusion-rollover-link\" href=\"https:\/\/www.englobaconsulting.com\/en\/engloba-consulting-sincorpora-al-grup-energy-tools\/\">Engloba Consulting s\u2019incorpora al grup Energy Tools<\/a>\n\t\t\t\n\t\t\t\t\t\t\t\t\n\t\t\n\t\t\t\t\t\t\t\t\n\t\t\t\t\t\t\t\t\n\t\t\n\t\t\t\t\t\t<a class=\"fusion-link-wrapper\" href=\"https:\/\/www.englobaconsulting.com\/en\/engloba-consulting-sincorpora-al-grup-energy-tools\/\" aria-label=\"Engloba Consulting s\u2019incorpora al grup Energy Tools\"><\/a>\n\t<\/div>\n<\/div>\n\n\t\n<\/div>\n<\/li>\n\t\t\t\n\t\t\t\n\t\t\t\t\t\t\t\t\t\t\t\t\t\t\t\t\t\t\t\t\t\t\t\t\t\t\t\t\t\t\t\t\t\t\t\t\t\t\t\t\t\t\t\t\t\t\t\t\t\t\t\t\t\t\t\t\t\t\t\t\t\t\t\t\t\t\t\t<\/ul>\n\t<\/div>\n\t<div class=\"fusion-post-content-wrapper\" style=\"padding:30px 25px 20px 25px;\"><div class=\"fusion-post-content post-content\"><h2 class=\"blog-shortcode-post-title entry-title\"><a href=\"https:\/\/www.englobaconsulting.com\/en\/engloba-consulting-sincorpora-al-grup-energy-tools\/\">Engloba Consulting s\u2019incorpora al grup Energy Tools<\/a><\/h2><p class=\"fusion-single-line-meta\"><span class=\"vcard\" style=\"display: none;\"><span class=\"fn\"><a href=\"https:\/\/www.englobaconsulting.com\/en\/author\/engloba\/\" title=\"Posts by Engloba\" rel=\"author\">Engloba<\/a><\/span><\/span><span class=\"updated\" style=\"display:none;\">2025-06-27T12:49:50+02:00<\/span><span>June 27th, 2025<\/span><span class=\"fusion-inline-sep\">|<\/span><\/p><div class=\"fusion-content-sep sep-single sep-solid\" style=\"border-color:#e5e5e5;\"><\/div><div class=\"fusion-post-content-container\"><p>On June 25, 2025, Engloba Consulting joined the Energy Tools group, one of the most relevant energy consultancies in the<\/p><\/div><\/div><\/div><div class=\"fusion-clearfix\"><\/div><\/div>\n<\/article>\n<article id=\"blog-1-post-1773\" class=\"fusion-post-grid post-1773 post type-post status-publish format-standard has-post-thumbnail hentry category-uncategorized\">\n<div class=\"fusion-post-wrapper\" style=\"background-color:rgba(255,255,255,0);border:1px solid #e5e5e5;border-bottom-width:3px;\">\n\n\t\t\t<div class=\"fusion-flexslider flexslider fusion-flexslider-loading fusion-post-slideshow\" style=\"border-color:#e5e5e5;\">\n\t\t<ul class=\"slides\">\n\t\t\t\n\t\t\t\t\t\t\t\t\t\t\t\t\t\t<li>\n\n<div  class=\"fusion-image-wrapper\" aria-haspopup=\"true\">\n\t\n\t\n\t\n\t\t\n\t\t\t\t\t<img decoding=\"async\" width=\"374\" height=\"530\" src=\"https:\/\/www.englobaconsulting.com\/wp-content\/uploads\/2021\/04\/info-cambra.png\" class=\"attachment-full size-full wp-post-image\" alt=\"info cambra\" srcset=\"https:\/\/www.englobaconsulting.com\/wp-content\/uploads\/2021\/04\/info-cambra-200x283.png 200w, https:\/\/www.englobaconsulting.com\/wp-content\/uploads\/2021\/04\/info-cambra.png 374w\" sizes=\"(min-width: 2200px) 100vw, (min-width: 824px) 373px, (min-width: 732px) 560px, (min-width: 640px) 732px, \" \/>\n\t\n\n\t\t<div class=\"fusion-rollover\">\n\t<div class=\"fusion-rollover-content\">\n\n\t\t\t\t\t\t\t\t\t\t\t\t\t\t<a class=\"fusion-rollover-link\" href=\"https:\/\/www.englobaconsulting.com\/en\/engloba-consulting-con-el-programa-innocamaras\/\">Engloba Consulting con el Programa Innoc\u00e1maras<\/a>\n\t\t\t\n\t\t\t\t\t\t\t\t\n\t\t\n\t\t\t\t\t\t\t\t\n\t\t\t\t\t\t\t\t\n\t\t\n\t\t\t\t\t\t<a class=\"fusion-link-wrapper\" href=\"https:\/\/www.englobaconsulting.com\/en\/engloba-consulting-con-el-programa-innocamaras\/\" aria-label=\"Engloba Consulting con el Programa Innoc\u00e1maras\"><\/a>\n\t<\/div>\n<\/div>\n\n\t\n<\/div>\n<\/li>\n\t\t\t\n\t\t\t\n\t\t\t\t\t\t\t\t\t\t\t\t\t\t\t\t\t\t\t\t\t\t\t\t\t\t\t\t\t\t\t\t\t\t\t\t\t\t\t\t\t\t\t\t\t\t\t\t\t\t\t\t\t\t\t\t\t\t\t\t\t\t\t\t\t\t\t\t<\/ul>\n\t<\/div>\n\t<div class=\"fusion-post-content-wrapper\" style=\"padding:30px 25px 20px 25px;\"><div class=\"fusion-post-content post-content\"><h2 class=\"blog-shortcode-post-title entry-title\"><a href=\"https:\/\/www.englobaconsulting.com\/en\/engloba-consulting-con-el-programa-innocamaras\/\">Engloba Consulting con el Programa Innoc\u00e1maras<\/a><\/h2><p class=\"fusion-single-line-meta\"><span class=\"vcard\" style=\"display: none;\"><span class=\"fn\"><a href=\"https:\/\/www.englobaconsulting.com\/en\/author\/softinline\/\" title=\"Posts by softinline\" rel=\"author\">softinline<\/a><\/span><\/span><span class=\"updated\" style=\"display:none;\">2021-04-23T09:57:07+02:00<\/span><span>April 14th, 2021<\/span><span class=\"fusion-inline-sep\">|<\/span><\/p><div class=\"fusion-content-sep sep-single sep-solid\" style=\"border-color:#e5e5e5;\"><\/div><div class=\"fusion-post-content-container\"><p>ENGLOBA CONSULTING ha sido beneficiaria del Fondo Europeo de Desarrollo Regional cuyo objetivo es Potenciar la investigaci\u00f3n, el desarrollo tecnol\u00f3gico<\/p><\/div><\/div><\/div><div class=\"fusion-clearfix\"><\/div><\/div>\n<\/article>\n<article id=\"blog-1-post-1706\" class=\"fusion-post-grid post-1706 post type-post status-publish format-standard has-post-thumbnail hentry category-impacto-climatico-2-en\">\n<div class=\"fusion-post-wrapper\" style=\"background-color:rgba(255,255,255,0);border:1px solid #e5e5e5;border-bottom-width:3px;\">\n\n\t\t\t<div class=\"fusion-flexslider flexslider fusion-flexslider-loading fusion-post-slideshow\" style=\"border-color:#e5e5e5;\">\n\t\t<ul class=\"slides\">\n\t\t\t\n\t\t\t\t\t\t\t\t\t\t\t\t\t\t<li>\n\n<div  class=\"fusion-image-wrapper\" aria-haspopup=\"true\">\n\t\n\t\n\t\n\t\t\n\t\t\t\t\t<img decoding=\"async\" width=\"605\" height=\"265\" src=\"https:\/\/www.englobaconsulting.com\/wp-content\/uploads\/2018\/06\/noticia1.png\" class=\"attachment-full size-full wp-post-image\" alt=\"\" srcset=\"https:\/\/www.englobaconsulting.com\/wp-content\/uploads\/2018\/06\/noticia1-200x88.png 200w, https:\/\/www.englobaconsulting.com\/wp-content\/uploads\/2018\/06\/noticia1-400x175.png 400w, https:\/\/www.englobaconsulting.com\/wp-content\/uploads\/2018\/06\/noticia1-600x263.png 600w, https:\/\/www.englobaconsulting.com\/wp-content\/uploads\/2018\/06\/noticia1.png 605w\" sizes=\"(min-width: 2200px) 100vw, (min-width: 824px) 373px, (min-width: 732px) 560px, (min-width: 640px) 732px, \" \/>\n\t\n\n\t\t<div class=\"fusion-rollover\">\n\t<div class=\"fusion-rollover-content\">\n\n\t\t\t\t\t\t\t\t\t\t\t\t\t\t<a class=\"fusion-rollover-link\" href=\"https:\/\/www.englobaconsulting.com\/en\/el-pacto-verde-europeo\/\">El Pacto Verde Europeo<\/a>\n\t\t\t\n\t\t\t\t\t\t\t\t\n\t\t\n\t\t\t\t\t\t\t\t\n\t\t\t\t\t\t\t\t\n\t\t\n\t\t\t\t\t\t<a class=\"fusion-link-wrapper\" href=\"https:\/\/www.englobaconsulting.com\/en\/el-pacto-verde-europeo\/\" aria-label=\"El Pacto Verde Europeo\"><\/a>\n\t<\/div>\n<\/div>\n\n\t\n<\/div>\n<\/li>\n\t\t\t\n\t\t\t\n\t\t\t\t\t\t\t\t\t\t\t\t\t\t\t\t\t\t\t\t\t\t\t\t\t\t\t\t\t\t\t\t\t\t\t\t\t\t\t\t\t\t\t\t\t\t\t\t\t\t\t\t\t\t\t\t\t\t\t\t\t\t\t\t\t\t\t\t<\/ul>\n\t<\/div>\n\t<div class=\"fusion-post-content-wrapper\" style=\"padding:30px 25px 20px 25px;\"><div class=\"fusion-post-content post-content\"><h2 class=\"blog-shortcode-post-title entry-title\"><a href=\"https:\/\/www.englobaconsulting.com\/en\/el-pacto-verde-europeo\/\">El Pacto Verde Europeo<\/a><\/h2><p class=\"fusion-single-line-meta\"><span class=\"vcard\" style=\"display: none;\"><span class=\"fn\"><a href=\"https:\/\/www.englobaconsulting.com\/en\/author\/softinline\/\" title=\"Posts by softinline\" rel=\"author\">softinline<\/a><\/span><\/span><span class=\"updated\" style=\"display:none;\">2020-02-21T17:56:13+02:00<\/span><span>February 21st, 2020<\/span><span class=\"fusion-inline-sep\">|<\/span><\/p><div class=\"fusion-content-sep sep-single sep-solid\" style=\"border-color:#e5e5e5;\"><\/div><div class=\"fusion-post-content-container\"><p> El Pacto Verde Europeo, la gran apuesta de la Uni\u00f3n Europea para convertirse en el primer continente de impacto<\/p><\/div><\/div><\/div><div class=\"fusion-clearfix\"><\/div><\/div>\n<\/article>\n<article id=\"blog-1-post-1334\" class=\"fusion-post-grid post-1334 post type-post status-publish format-standard has-post-thumbnail hentry category-impacto-climatico-2-en\">\n<div class=\"fusion-post-wrapper\" style=\"background-color:rgba(255,255,255,0);border:1px solid #e5e5e5;border-bottom-width:3px;\">\n\n\t\t\t<div class=\"fusion-flexslider flexslider fusion-flexslider-loading fusion-post-slideshow\" style=\"border-color:#e5e5e5;\">\n\t\t<ul class=\"slides\">\n\t\t\t\n\t\t\t\t\t\t\t\t\t\t\t\t\t\t<li>\n\n<div  class=\"fusion-image-wrapper\" aria-haspopup=\"true\">\n\t\n\t\n\t\n\t\t\n\t\t\t\t\t<img loading=\"lazy\" decoding=\"async\" width=\"654\" height=\"359\" src=\"https:\/\/www.englobaconsulting.com\/wp-content\/uploads\/2018\/06\/noticia2.png\" class=\"attachment-full size-full wp-post-image\" alt=\"\" srcset=\"https:\/\/www.englobaconsulting.com\/wp-content\/uploads\/2018\/06\/noticia2-200x110.png 200w, https:\/\/www.englobaconsulting.com\/wp-content\/uploads\/2018\/06\/noticia2-400x220.png 400w, https:\/\/www.englobaconsulting.com\/wp-content\/uploads\/2018\/06\/noticia2-600x329.png 600w, https:\/\/www.englobaconsulting.com\/wp-content\/uploads\/2018\/06\/noticia2.png 654w\" sizes=\"(min-width: 2200px) 100vw, (min-width: 824px) 373px, (min-width: 732px) 560px, (min-width: 640px) 732px, \" \/>\n\t\n\n\t\t<div class=\"fusion-rollover\">\n\t<div class=\"fusion-rollover-content\">\n\n\t\t\t\t\t\t\t\t\t\t\t\t\t\t<a class=\"fusion-rollover-link\" href=\"https:\/\/www.englobaconsulting.com\/en\/ultimos-pasos-de-la-ley-estatal-de-cambio-climatico\/\">\u00daltimos pasos de la Ley Estatal de Cambio Clim\u00e1tico<\/a>\n\t\t\t\n\t\t\t\t\t\t\t\t\n\t\t\n\t\t\t\t\t\t\t\t\n\t\t\t\t\t\t\t\t\n\t\t\n\t\t\t\t\t\t<a class=\"fusion-link-wrapper\" href=\"https:\/\/www.englobaconsulting.com\/en\/ultimos-pasos-de-la-ley-estatal-de-cambio-climatico\/\" aria-label=\"\u00daltimos pasos de la Ley Estatal de Cambio Clim\u00e1tico\"><\/a>\n\t<\/div>\n<\/div>\n\n\t\n<\/div>\n<\/li>\n\t\t\t\n\t\t\t\n\t\t\t\t\t\t\t\t\t\t\t\t\t\t\t\t\t\t\t\t\t\t\t\t\t\t\t\t\t\t\t\t\t\t\t\t\t\t\t\t\t\t\t\t\t\t\t\t\t\t\t\t\t\t\t\t\t\t\t\t\t\t\t\t\t\t\t\t<\/ul>\n\t<\/div>\n\t<div class=\"fusion-post-content-wrapper\" style=\"padding:30px 25px 20px 25px;\"><div class=\"fusion-post-content post-content\"><h2 class=\"blog-shortcode-post-title entry-title\"><a href=\"https:\/\/www.englobaconsulting.com\/en\/ultimos-pasos-de-la-ley-estatal-de-cambio-climatico\/\">\u00daltimos pasos de la Ley Estatal de Cambio Clim\u00e1tico<\/a><\/h2><p class=\"fusion-single-line-meta\"><span class=\"vcard\" style=\"display: none;\"><span class=\"fn\"><a href=\"https:\/\/www.englobaconsulting.com\/en\/author\/softinline\/\" title=\"Posts by softinline\" rel=\"author\">softinline<\/a><\/span><\/span><span class=\"updated\" style=\"display:none;\">2020-02-21T17:54:47+02:00<\/span><span>February 21st, 2020<\/span><span class=\"fusion-inline-sep\">|<\/span><\/p><div class=\"fusion-content-sep sep-single sep-solid\" style=\"border-color:#e5e5e5;\"><\/div><div class=\"fusion-post-content-container\"><p> La propuesta de Ley de Cambio Clim\u00e1tico en Espa\u00f1a se halla en su \u00faltima fase de tramitaci\u00f3n administrativa. El<\/p><\/div><\/div><\/div><div class=\"fusion-clearfix\"><\/div><\/div>\n<\/article>\n<div class=\"fusion-clearfix\"><\/div><\/div><\/div><div class=\"fusion-clearfix\"><\/div><\/div><\/div><\/div><\/div><\/p>\n","protected":false},"excerpt":{"rendered":"","protected":false},"author":1,"featured_media":0,"parent":0,"menu_order":0,"comment_status":"closed","ping_status":"closed","template":"100-width.php","meta":{"footnotes":""},"class_list":["post-1337","page","type-page","status-publish","hentry"],"yoast_head":"<!-- This site is optimized with the Yoast SEO plugin v26.5 - https:\/\/yoast.com\/wordpress\/plugins\/seo\/ -->\n<title>Blog - Engloba Consulting<\/title>\n<meta name=\"robots\" content=\"index, follow, max-snippet:-1, max-image-preview:large, max-video-preview:-1\" \/>\n<link rel=\"canonical\" href=\"https:\/\/www.englobaconsulting.com\/en\/blog\/\" \/>\n<meta property=\"og:locale\" content=\"en_US\" \/>\n<meta property=\"og:type\" content=\"article\" \/>\n<meta property=\"og:title\" content=\"Blog - Engloba Consulting\" \/>\n<meta property=\"og:url\" content=\"https:\/\/www.englobaconsulting.com\/en\/blog\/\" \/>\n<meta property=\"og:site_name\" content=\"Engloba Consulting\" \/>\n<meta property=\"article:modified_time\" content=\"2020-02-21T12:43:06+00:00\" \/>\n<meta name=\"twitter:card\" content=\"summary_large_image\" \/>\n<meta name=\"twitter:label1\" content=\"Est. reading time\" \/>\n\t<meta name=\"twitter:data1\" content=\"4 minutes\" \/>\n<script type=\"application\/ld+json\" class=\"yoast-schema-graph\">{\"@context\":\"https:\/\/schema.org\",\"@graph\":[{\"@type\":\"WebPage\",\"@id\":\"https:\/\/www.englobaconsulting.com\/en\/blog\/\",\"url\":\"https:\/\/www.englobaconsulting.com\/en\/blog\/\",\"name\":\"Blog - Engloba Consulting\",\"isPartOf\":{\"@id\":\"https:\/\/www.englobaconsulting.com\/ca\/#website\"},\"datePublished\":\"2018-06-14T11:19:19+00:00\",\"dateModified\":\"2020-02-21T12:43:06+00:00\",\"breadcrumb\":{\"@id\":\"https:\/\/www.englobaconsulting.com\/en\/blog\/#breadcrumb\"},\"inLanguage\":\"en-US\",\"potentialAction\":[{\"@type\":\"ReadAction\",\"target\":[\"https:\/\/www.englobaconsulting.com\/en\/blog\/\"]}]},{\"@type\":\"BreadcrumbList\",\"@id\":\"https:\/\/www.englobaconsulting.com\/en\/blog\/#breadcrumb\",\"itemListElement\":[{\"@type\":\"ListItem\",\"position\":1,\"name\":\"Inici\",\"item\":\"https:\/\/www.englobaconsulting.com\/en\/\"},{\"@type\":\"ListItem\",\"position\":2,\"name\":\"Blog\"}]},{\"@type\":\"WebSite\",\"@id\":\"https:\/\/www.englobaconsulting.com\/ca\/#website\",\"url\":\"https:\/\/www.englobaconsulting.com\/ca\/\",\"name\":\"Engloba Consulting\",\"description\":\"\",\"publisher\":{\"@id\":\"https:\/\/www.englobaconsulting.com\/ca\/#organization\"},\"potentialAction\":[{\"@type\":\"SearchAction\",\"target\":{\"@type\":\"EntryPoint\",\"urlTemplate\":\"https:\/\/www.englobaconsulting.com\/ca\/?s={search_term_string}\"},\"query-input\":{\"@type\":\"PropertyValueSpecification\",\"valueRequired\":true,\"valueName\":\"search_term_string\"}}],\"inLanguage\":\"en-US\"},{\"@type\":\"Organization\",\"@id\":\"https:\/\/www.englobaconsulting.com\/ca\/#organization\",\"name\":\"englobaconsulting\",\"url\":\"https:\/\/www.englobaconsulting.com\/ca\/\",\"logo\":{\"@type\":\"ImageObject\",\"inLanguage\":\"en-US\",\"@id\":\"https:\/\/www.englobaconsulting.com\/ca\/#\/schema\/logo\/image\/\",\"url\":\"https:\/\/englobaconsulting.com\/wp-content\/uploads\/2018\/10\/logo-header-1x.png\",\"contentUrl\":\"https:\/\/englobaconsulting.com\/wp-content\/uploads\/2018\/10\/logo-header-1x.png\",\"width\":254,\"height\":70,\"caption\":\"englobaconsulting\"},\"image\":{\"@id\":\"https:\/\/www.englobaconsulting.com\/ca\/#\/schema\/logo\/image\/\"}}]}<\/script>\n<!-- \/ Yoast SEO plugin. -->","yoast_head_json":{"title":"Blog - Engloba Consulting","robots":{"index":"index","follow":"follow","max-snippet":"max-snippet:-1","max-image-preview":"max-image-preview:large","max-video-preview":"max-video-preview:-1"},"canonical":"https:\/\/www.englobaconsulting.com\/en\/blog\/","og_locale":"en_US","og_type":"article","og_title":"Blog - Engloba Consulting","og_url":"https:\/\/www.englobaconsulting.com\/en\/blog\/","og_site_name":"Engloba Consulting","article_modified_time":"2020-02-21T12:43:06+00:00","twitter_card":"summary_large_image","twitter_misc":{"Est. reading time":"4 minutes"},"schema":{"@context":"https:\/\/schema.org","@graph":[{"@type":"WebPage","@id":"https:\/\/www.englobaconsulting.com\/en\/blog\/","url":"https:\/\/www.englobaconsulting.com\/en\/blog\/","name":"Blog - Engloba Consulting","isPartOf":{"@id":"https:\/\/www.englobaconsulting.com\/ca\/#website"},"datePublished":"2018-06-14T11:19:19+00:00","dateModified":"2020-02-21T12:43:06+00:00","breadcrumb":{"@id":"https:\/\/www.englobaconsulting.com\/en\/blog\/#breadcrumb"},"inLanguage":"en-US","potentialAction":[{"@type":"ReadAction","target":["https:\/\/www.englobaconsulting.com\/en\/blog\/"]}]},{"@type":"BreadcrumbList","@id":"https:\/\/www.englobaconsulting.com\/en\/blog\/#breadcrumb","itemListElement":[{"@type":"ListItem","position":1,"name":"Inici","item":"https:\/\/www.englobaconsulting.com\/en\/"},{"@type":"ListItem","position":2,"name":"Blog"}]},{"@type":"WebSite","@id":"https:\/\/www.englobaconsulting.com\/ca\/#website","url":"https:\/\/www.englobaconsulting.com\/ca\/","name":"Engloba Consulting","description":"","publisher":{"@id":"https:\/\/www.englobaconsulting.com\/ca\/#organization"},"potentialAction":[{"@type":"SearchAction","target":{"@type":"EntryPoint","urlTemplate":"https:\/\/www.englobaconsulting.com\/ca\/?s={search_term_string}"},"query-input":{"@type":"PropertyValueSpecification","valueRequired":true,"valueName":"search_term_string"}}],"inLanguage":"en-US"},{"@type":"Organization","@id":"https:\/\/www.englobaconsulting.com\/ca\/#organization","name":"englobaconsulting","url":"https:\/\/www.englobaconsulting.com\/ca\/","logo":{"@type":"ImageObject","inLanguage":"en-US","@id":"https:\/\/www.englobaconsulting.com\/ca\/#\/schema\/logo\/image\/","url":"https:\/\/englobaconsulting.com\/wp-content\/uploads\/2018\/10\/logo-header-1x.png","contentUrl":"https:\/\/englobaconsulting.com\/wp-content\/uploads\/2018\/10\/logo-header-1x.png","width":254,"height":70,"caption":"englobaconsulting"},"image":{"@id":"https:\/\/www.englobaconsulting.com\/ca\/#\/schema\/logo\/image\/"}}]}},"_links":{"self":[{"href":"https:\/\/www.englobaconsulting.com\/en\/wp-json\/wp\/v2\/pages\/1337","targetHints":{"allow":["GET"]}}],"collection":[{"href":"https:\/\/www.englobaconsulting.com\/en\/wp-json\/wp\/v2\/pages"}],"about":[{"href":"https:\/\/www.englobaconsulting.com\/en\/wp-json\/wp\/v2\/types\/page"}],"author":[{"embeddable":true,"href":"https:\/\/www.englobaconsulting.com\/en\/wp-json\/wp\/v2\/users\/1"}],"replies":[{"embeddable":true,"href":"https:\/\/www.englobaconsulting.com\/en\/wp-json\/wp\/v2\/comments?post=1337"}],"version-history":[{"count":6,"href":"https:\/\/www.englobaconsulting.com\/en\/wp-json\/wp\/v2\/pages\/1337\/revisions"}],"predecessor-version":[{"id":1695,"href":"https:\/\/www.englobaconsulting.com\/en\/wp-json\/wp\/v2\/pages\/1337\/revisions\/1695"}],"wp:attachment":[{"href":"https:\/\/www.englobaconsulting.com\/en\/wp-json\/wp\/v2\/media?parent=1337"}],"curies":[{"name":"wp","href":"https:\/\/api.w.org\/{rel}","templated":true}]}}