{"id":1060,"date":"2018-12-10T17:20:37","date_gmt":"2018-12-10T15:20:37","guid":{"rendered":"https:\/\/englobaconsulting.com\/?page_id=1060"},"modified":"2020-02-12T16:35:52","modified_gmt":"2020-02-12T14:35:52","slug":"nosaltres","status":"publish","type":"page","link":"https:\/\/www.englobaconsulting.com\/ca\/nosaltres\/","title":{"rendered":"Nosaltres"},"content":{"rendered":"<p><div class=\"fusion-bg-parallax\" data-bg-align=\"center top\" data-direction=\"up\" data-mute=\"false\" data-opacity=\"100\" data-velocity=\"-0.3\" data-mobile-enabled=\"false\" data-break_parents=\"0\" data-bg-image=\"https:\/\/englobaconsulting.com\/wp-content\/uploads\/2018\/12\/header-about-us.jpg\" data-bg-repeat=\"false\" ><\/div><div class=\"fusion-fullwidth fullwidth-box fusion-builder-row-1 fusion-parallax-up nonhundred-percent-fullwidth non-hundred-percent-height-scrolling\" style=\"background-color: rgba(255,255,255,0);background-image: url(&quot;https:\/\/englobaconsulting.com\/wp-content\/uploads\/2018\/12\/header-about-us.jpg&quot;);background-position: center top;background-repeat: no-repeat;padding-top:8%;padding-right:0px;padding-bottom:8%;padding-left:0px;margin-bottom: 0px;margin-top: 0px;border-width: 0px 0px 0px 0px;border-color:#e5e5e5;border-style:solid;-webkit-background-size:cover;-moz-background-size:cover;-o-background-size:cover;background-size:cover;\" ><div class=\"fusion-builder-row fusion-row\"><div class=\"fusion-layout-column fusion_builder_column fusion-builder-column-0 fusion_builder_column_1_1 1_1 fusion-one-full fusion-column-first fusion-column-last fusion-animated\" style=\"margin-top:0px;margin-bottom:20px;\" data-animationType=\"fadeInDown\" data-animationDuration=\"0.6\" data-animationOffset=\"100%\"><div class=\"fusion-column-wrapper fusion-flex-column-wrapper-legacy\" style=\"background-position:left top;background-repeat:no-repeat;-webkit-background-size:cover;-moz-background-size:cover;-o-background-size:cover;background-size:cover;padding: 0px 0px 0px 0px;\"><div class=\"fusion-sep-clear\"><\/div><div class=\"fusion-separator fusion-no-medium-visibility fusion-no-large-visibility fusion-full-width-sep\" style=\"margin-left: auto;margin-right: auto;margin-top:8%;width:100%;\"><\/div><div class=\"fusion-sep-clear\"><\/div><style type=\"text\/css\"><\/style><div class=\"fusion-title title fusion-title-1 fusion-sep-none fusion-title-center fusion-title-text fusion-title-size-one\" style=\"margin-top:0px;margin-right:0px;margin-bottom:0px;margin-left:0px;\"><h1 class=\"title-heading-center\" style=\"margin:0;\"><p style=\"text-align: center;\"><span style=\"color: #ffffff;\">NOSALTRES<\/span><\/p><\/h1><\/div><style type=\"text\/css\"><\/style><div class=\"fusion-title title fusion-title-2 fusion-sep-none fusion-title-center fusion-title-text fusion-title-size-six\" style=\"margin-top:0px;margin-right:0px;margin-bottom:15px;margin-left:0px;\"><h6 class=\"title-heading-center\" style=\"margin:0;\"><p style=\"text-align: center;\"><span style=\"color: #ffffff;\">VALORS, EQUIP I RESPONSABILITAT<\/span><\/p><\/h6><\/div><div class=\"fusion-clearfix\"><\/div><\/div><\/div><\/div><\/div><div class=\"fusion-fullwidth fullwidth-box fusion-builder-row-2 hundred-percent-fullwidth non-hundred-percent-height-scrolling fusion-equal-height-columns\" style=\"background-color: rgba(255,255,255,0);background-position: center center;background-repeat: no-repeat;padding-top:0px;padding-right:0px;padding-bottom:0px;padding-left:0px;margin-bottom: 0px;margin-top: 0px;border-width: 0px 0px 0px 0px;border-color:#e5e5e5;border-style:solid;\" ><div class=\"fusion-builder-row fusion-row\"><div class=\"fusion-layout-column fusion_builder_column fusion-builder-column-1 fusion_builder_column_1_2 1_2 fusion-one-half fusion-column-first fusion-animated\" style=\"width:50%;width:calc(50% - ( ( 0 ) * 0.5 ) );margin-right: 0px;margin-top:0px;margin-bottom:0px;\" data-animationType=\"slideInLeft\" data-animationDuration=\"0.6\" data-animationOffset=\"100%\"><div class=\"fusion-column-wrapper fusion-flex-column-wrapper-legacy\" style=\"background-position:left top;background-repeat:no-repeat;-webkit-background-size:cover;-moz-background-size:cover;-o-background-size:cover;background-size:cover;background-color:#f7f7f7;padding: 12% 10% 8% 10%;\"><style type=\"text\/css\"><\/style><div class=\"fusion-title title fusion-title-3 fusion-sep-none fusion-title-text fusion-title-size-two\" style=\"margin-top:0px;margin-right:0px;margin-bottom:31px;margin-left:0px;\"><h2 class=\"title-heading-left\" style=\"margin:0;\">Missi\u00f3, visi\u00f3 i valors<\/h2><\/div><span class=\" fusion-imageframe imageframe-none imageframe-1 hover-type-none\"><img fetchpriority=\"high\" fetchpriority=\"high\" decoding=\"async\" width=\"1500\" height=\"912\" title=\"values\" src=\"https:\/\/englobaconsulting.com\/wp-content\/uploads\/2018\/12\/values.jpg\" class=\"img-responsive wp-image-1067\" srcset=\"https:\/\/www.englobaconsulting.com\/wp-content\/uploads\/2018\/12\/values-200x122.jpg 200w, https:\/\/www.englobaconsulting.com\/wp-content\/uploads\/2018\/12\/values-400x243.jpg 400w, https:\/\/www.englobaconsulting.com\/wp-content\/uploads\/2018\/12\/values-600x365.jpg 600w, https:\/\/www.englobaconsulting.com\/wp-content\/uploads\/2018\/12\/values-800x486.jpg 800w, https:\/\/www.englobaconsulting.com\/wp-content\/uploads\/2018\/12\/values-1200x730.jpg 1200w, https:\/\/www.englobaconsulting.com\/wp-content\/uploads\/2018\/12\/values.jpg 1500w\" sizes=\"(max-width: 1000px) 100vw, 600px\" \/><\/span><div class=\"fusion-clearfix\"><\/div><\/div><\/div><div class=\"fusion-layout-column fusion_builder_column fusion-builder-column-2 fusion_builder_column_1_2 1_2 fusion-one-half fusion-column-last fusion-animated\" style=\"width:50%;width:calc(50% - ( ( 0 ) * 0.5 ) );margin-top:0px;margin-bottom:0px;\" data-animationType=\"slideInRight\" data-animationDuration=\"0.6\" data-animationOffset=\"100%\"><div class=\"fusion-column-wrapper fusion-flex-column-wrapper-legacy\" style=\"background-position:left top;background-repeat:no-repeat;-webkit-background-size:cover;-moz-background-size:cover;-o-background-size:cover;background-size:cover;padding: 12% 10% 8% 10%;\"><div class=\"fusion-text fusion-text-1\"><p><span style=\"color: #64912d;\"><strong>ENGLOBA\u00a0<\/strong><strong>CONSULTING<\/strong><\/span>, vol ser una organitzaci\u00f3 compromesa amb el <strong>rigor t\u00e8cnic\u00a0<\/strong>i la <strong>\u00e8tica professional\u00a0<\/strong>en els camps empresarials de sostenibilitat i canvi clim\u00e0tic. Entenem els serveis de consultoria nom\u00e9s des de l\u2019\u00f2ptica del <strong>valor afegit\u00a0<\/strong>als seus clients. Un comprom\u00eds tamb\u00e9 amb el <strong>coneixement\u00a0cient\u00edfic\u00a0i\u00a0t\u00e8cnic\u00a0<\/strong>al servei del sector empresarial sense prejudicis de cap tipus ni solucions preconcebudes amb antelaci\u00f3. Sempre apostem per <strong>solucions a mesura\u00a0<\/strong>per problemes sempre diversos en entorns diversos.<\/p>\n<p>L\u2019equip d\u2019\u00a0<span style=\"color: #64912d;\"><strong>ENGLOBA\u00a0<\/strong><strong>CONSULTING\u00a0<\/strong><\/span>es caracteritza per establir <strong>relacions estables i duradores <\/strong>amb els seus clients basades en el reconeixement mutu del valor dels serveis prestats i les col\u00b7laboracions enriquidores.<\/p>\n<p><span style=\"color: #64912d;\"><strong>ENGLOBA\u00a0<\/strong><\/span><strong><span style=\"color: #64912d;\">CONSULTING<\/span>, <\/strong>t\u00e9 la vocaci\u00f3n de treball sense l\u00edmits ni fronteres per adquirir els coneixements a escala internacional i ser capa\u00e7os de traslladarlos a escala local, fent v\u00e0lid el principi de \u201cpensa globalment i actua localment\u201d. El personal d\u2019\u00a0<strong><span style=\"color: #64912d;\">ENGLOBA CONSULTING<\/span>\u00a0<\/strong>\u00e9s actiu en <strong>\u00e0mbit\u00a0<\/strong><strong>internacional\u00a0<\/strong>per prove\u00efr als seus clients locals les millors solucions possibles.<\/p>\n<\/div><div class=\"fusion-clearfix\"><\/div><\/div><\/div><\/div><\/div><div class=\"fusion-fullwidth fullwidth-box fusion-builder-row-3 hundred-percent-fullwidth non-hundred-percent-height-scrolling fusion-equal-height-columns\" style=\"background-color: rgba(255,255,255,0);background-position: center center;background-repeat: no-repeat;padding-top:0px;padding-right:0px;padding-bottom:0px;padding-left:0px;margin-bottom: 0px;margin-top: 0px;border-width: 0px 0px 0px 0px;border-color:#e5e5e5;border-style:solid;\" ><div class=\"fusion-builder-row fusion-row\"><div class=\"fusion-layout-column fusion_builder_column fusion-builder-column-3 fusion_builder_column_1_2 1_2 fusion-one-half fusion-column-first fusion-animated\" style=\"width:50%;width:calc(50% - ( ( 0 ) * 0.5 ) );margin-right: 0px;margin-top:0px;margin-bottom:0px;\" data-animationType=\"slideInLeft\" data-animationDuration=\"0.6\" data-animationOffset=\"100%\"><div class=\"fusion-column-wrapper fusion-flex-column-wrapper-legacy\" style=\"background-position:left top;background-repeat:no-repeat;-webkit-background-size:cover;-moz-background-size:cover;-o-background-size:cover;background-size:cover;padding: 12% 10% 8% 10%;\"><style type=\"text\/css\"><\/style><div class=\"fusion-title title fusion-title-4 fusion-sep-none fusion-title-text fusion-title-size-two\" style=\"margin-top:0px;margin-right:0px;margin-bottom:31px;margin-left:0px;\"><h2 class=\"title-heading-left\" style=\"margin:0;\">Equip Engloba Consulting<\/h2><\/div><span class=\" fusion-imageframe imageframe-none imageframe-2 hover-type-none\"><img decoding=\"async\" width=\"1500\" height=\"912\" title=\"team\" src=\"https:\/\/englobaconsulting.com\/wp-content\/uploads\/2018\/12\/team.jpg\" class=\"img-responsive wp-image-1073\" srcset=\"https:\/\/www.englobaconsulting.com\/wp-content\/uploads\/2018\/12\/team-200x122.jpg 200w, https:\/\/www.englobaconsulting.com\/wp-content\/uploads\/2018\/12\/team-400x243.jpg 400w, https:\/\/www.englobaconsulting.com\/wp-content\/uploads\/2018\/12\/team-600x365.jpg 600w, https:\/\/www.englobaconsulting.com\/wp-content\/uploads\/2018\/12\/team-800x486.jpg 800w, https:\/\/www.englobaconsulting.com\/wp-content\/uploads\/2018\/12\/team-1200x730.jpg 1200w, https:\/\/www.englobaconsulting.com\/wp-content\/uploads\/2018\/12\/team.jpg 1500w\" sizes=\"(max-width: 1000px) 100vw, 600px\" \/><\/span><div class=\"fusion-clearfix\"><\/div><\/div><\/div><div class=\"fusion-layout-column fusion_builder_column fusion-builder-column-4 fusion_builder_column_1_2 1_2 fusion-one-half fusion-column-last fusion-animated\" style=\"width:50%;width:calc(50% - ( ( 0 ) * 0.5 ) );margin-top:0px;margin-bottom:0px;\" data-animationType=\"slideInRight\" data-animationDuration=\"0.6\" data-animationOffset=\"100%\"><div class=\"fusion-column-wrapper fusion-flex-column-wrapper-legacy\" style=\"background-position:left top;background-repeat:no-repeat;-webkit-background-size:cover;-moz-background-size:cover;-o-background-size:cover;background-size:cover;background-color:#f7f7f7;padding: 12% 10% 8% 10%;\"><div class=\"fusion-text fusion-text-2\"><p><strong><span style=\"color: #64912d;\">ENGLOBA\u00a0CONSULTING<\/span>, <\/strong>est\u00e0 format per un equip de persones entusiastes i compromeses amb el progr\u00e9s sostenible d\u2019empreses i organitzacions. El personal d\u2019\u00a0<span style=\"color: #64912d;\"><strong>ENGLOBA\u00a0<\/strong><strong>CONSULTING<\/strong><\/span><strong>\u00a0<\/strong>t\u00e9 una llarga traject\u00f2ria en la ressoluci\u00f3 de problemes ambientals i empresarials des de l\u2019experi\u00e8ncia, el coneixement t\u00e8cnic, l\u2019\u00e8tica i el rigor professional dels seus treballadors i col\u00b7laboradors.<\/p>\n<p>L\u2019equip que conforma <span style=\"color: #64912d;\"><strong>ENGLOBA\u00a0<\/strong><strong>CONSULTING<\/strong><\/span><strong>\u00a0<\/strong>\u00e9s pioner en la professionalitzaci\u00f3 de les ci\u00e8ncies ambientals posada al servei d\u2019empreses industrials i organitzacions. Els seus fundadors formen part dels primers professionals ambientals amb compet\u00e8ncies universit\u00e0ries espec\u00edfiques en aquest pa\u00eds. Tot i tractar-se d\u2019una firma consultora jove, l\u2019equip que la crea poseeix una dilatada experi\u00e8ncia en els \u00e0mbits de la sostenibilitat i la millora continua. Posseeix una visi\u00f3 integral dels problemes i alta capacitat de treball en equip per ajudar a les empreses a compatibilitzar progr\u00e9s econ\u00f2mic amb respecte a l\u2019entorn.<\/p>\n<\/div><div class=\"fusion-clearfix\"><\/div><\/div><\/div><\/div><\/div><div class=\"fusion-fullwidth fullwidth-box fusion-builder-row-4 hundred-percent-fullwidth non-hundred-percent-height-scrolling fusion-equal-height-columns\" style=\"background-color: rgba(255,255,255,0);background-position: center center;background-repeat: no-repeat;padding-top:0px;padding-right:0px;padding-bottom:0px;padding-left:0px;margin-bottom: 0px;margin-top: 0px;border-width: 0px 0px 0px 0px;border-color:#e5e5e5;border-style:solid;\" ><div class=\"fusion-builder-row fusion-row\"><div class=\"fusion-layout-column fusion_builder_column fusion-builder-column-5 fusion_builder_column_1_2 1_2 fusion-one-half fusion-column-first fusion-animated\" style=\"width:50%;width:calc(50% - ( ( 0 ) * 0.5 ) );margin-right: 0px;margin-top:0px;margin-bottom:0px;\" data-animationType=\"slideInLeft\" data-animationDuration=\"0.6\" data-animationOffset=\"100%\"><div class=\"fusion-column-wrapper fusion-flex-column-wrapper-legacy\" style=\"background-position:left top;background-repeat:no-repeat;-webkit-background-size:cover;-moz-background-size:cover;-o-background-size:cover;background-size:cover;background-color:#f7f7f7;padding: 12% 10% 8% 10%;\"><style type=\"text\/css\"><\/style><div class=\"fusion-title title fusion-title-5 fusion-sep-none fusion-title-text fusion-title-size-two\" style=\"margin-top:0px;margin-right:0px;margin-bottom:31px;margin-left:0px;\"><h2 class=\"title-heading-left\" style=\"margin:0;\">Responsabilitat social<\/h2><\/div><span class=\" fusion-imageframe imageframe-none imageframe-3 hover-type-none\"><img decoding=\"async\" width=\"1500\" height=\"912\" title=\"responsabilitat\" src=\"https:\/\/englobaconsulting.com\/wp-content\/uploads\/2018\/12\/responsabilitat.jpg\" class=\"img-responsive wp-image-1091\" srcset=\"https:\/\/www.englobaconsulting.com\/wp-content\/uploads\/2018\/12\/responsabilitat-200x122.jpg 200w, https:\/\/www.englobaconsulting.com\/wp-content\/uploads\/2018\/12\/responsabilitat-400x243.jpg 400w, https:\/\/www.englobaconsulting.com\/wp-content\/uploads\/2018\/12\/responsabilitat-600x365.jpg 600w, https:\/\/www.englobaconsulting.com\/wp-content\/uploads\/2018\/12\/responsabilitat-800x486.jpg 800w, https:\/\/www.englobaconsulting.com\/wp-content\/uploads\/2018\/12\/responsabilitat-1200x730.jpg 1200w, https:\/\/www.englobaconsulting.com\/wp-content\/uploads\/2018\/12\/responsabilitat.jpg 1500w\" sizes=\"(max-width: 1000px) 100vw, 600px\" \/><\/span><div class=\"fusion-clearfix\"><\/div><\/div><\/div><div class=\"fusion-layout-column fusion_builder_column fusion-builder-column-6 fusion_builder_column_1_2 1_2 fusion-one-half fusion-column-last fusion-animated\" style=\"width:50%;width:calc(50% - ( ( 0 ) * 0.5 ) );margin-top:0px;margin-bottom:0px;\" data-animationType=\"slideInRight\" data-animationDuration=\"0.6\" data-animationOffset=\"100%\"><div class=\"fusion-column-wrapper fusion-flex-column-wrapper-legacy\" style=\"background-position:left top;background-repeat:no-repeat;-webkit-background-size:cover;-moz-background-size:cover;-o-background-size:cover;background-size:cover;padding: 12% 10% 8% 10%;\"><div class=\"fusion-text fusion-text-3\"><p><span lang=\"CA\"><b><span style=\"color: #64912d;\"><strong>ENGLOBA\u00a0<\/strong><strong>CONSULTING<\/strong><\/span>, <\/b>est\u00e0 compromesa amb el desenvolupament sostenible i la dignitat de les persones, estiguin o estiguin, siguin com siguin i vinguin d\u2019on vinguin. Aquestes causes s\u00f3n tamb\u00e9 les nostres:<\/span><\/p>\n<ul>\n<li><span lang=\"CA\"><b><span style=\"color: #64912d;\"><strong>Kuwonku<\/strong><\/span><\/b><\/span><\/li>\n<\/ul>\n<p style=\"padding-left: 30px;\"><a href=\"http:\/\/ongkuwonku.org\" target=\"_blank\" rel=\"noopener noreferrer\"><img loading=\"lazy\" decoding=\"async\" class=\"alignnone wp-image-1085\" src=\"https:\/\/englobaconsulting.com\/wp-content\/uploads\/2018\/12\/kuwonku.jpg\" alt=\"\" width=\"250\" height=\"121\" srcset=\"https:\/\/www.englobaconsulting.com\/wp-content\/uploads\/2018\/12\/kuwonku-200x97.jpg 200w, https:\/\/www.englobaconsulting.com\/wp-content\/uploads\/2018\/12\/kuwonku-300x145.jpg 300w, https:\/\/www.englobaconsulting.com\/wp-content\/uploads\/2018\/12\/kuwonku-400x194.jpg 400w, https:\/\/www.englobaconsulting.com\/wp-content\/uploads\/2018\/12\/kuwonku.jpg 450w\" sizes=\"(max-width: 250px) 100vw, 250px\" \/><\/a><\/p>\n<ul>\n<li><span lang=\"CA\"><b><span style=\"color: #64912d;\"><strong>EDUCO<\/strong><\/span><\/b><\/span><\/li>\n<\/ul>\n<p style=\"padding-left: 30px;\"><a href=\"https:\/\/www.educo.org\" target=\"_blank\" rel=\"noopener noreferrer\"><img loading=\"lazy\" decoding=\"async\" class=\"alignnone wp-image-1082 size-full\" src=\"https:\/\/englobaconsulting.com\/wp-content\/uploads\/2018\/12\/educo.png\" alt=\"\" width=\"110\" height=\"61\" \/><\/a><\/p>\n<\/div><div class=\"fusion-clearfix\"><\/div><\/div><\/div><\/div><\/div><\/p>\n","protected":false},"excerpt":{"rendered":"","protected":false},"author":1,"featured_media":0,"parent":0,"menu_order":0,"comment_status":"closed","ping_status":"closed","template":"100-width.php","meta":{"footnotes":""},"class_list":["post-1060","page","type-page","status-publish","hentry"],"yoast_head":"<!-- This site is optimized with the Yoast SEO plugin v26.5 - https:\/\/yoast.com\/wordpress\/plugins\/seo\/ -->\n<title>Nosaltres - Engloba Consulting<\/title>\n<meta name=\"robots\" content=\"index, follow, max-snippet:-1, max-image-preview:large, max-video-preview:-1\" \/>\n<link rel=\"canonical\" href=\"https:\/\/www.englobaconsulting.com\/ca\/nosaltres\/\" \/>\n<meta property=\"og:locale\" content=\"ca_ES\" \/>\n<meta property=\"og:type\" content=\"article\" \/>\n<meta property=\"og:title\" content=\"Nosaltres - Engloba Consulting\" \/>\n<meta property=\"og:url\" content=\"https:\/\/www.englobaconsulting.com\/ca\/nosaltres\/\" \/>\n<meta property=\"og:site_name\" content=\"Engloba Consulting\" \/>\n<meta property=\"article:modified_time\" content=\"2020-02-12T14:35:52+00:00\" \/>\n<meta property=\"og:image\" content=\"https:\/\/englobaconsulting.com\/wp-content\/uploads\/2018\/12\/kuwonku.jpg\" \/>\n<meta name=\"twitter:card\" content=\"summary_large_image\" \/>\n<meta name=\"twitter:label1\" content=\"Temps estimat de lectura\" \/>\n\t<meta name=\"twitter:data1\" content=\"9 minuts\" \/>\n<script type=\"application\/ld+json\" class=\"yoast-schema-graph\">{\"@context\":\"https:\/\/schema.org\",\"@graph\":[{\"@type\":\"WebPage\",\"@id\":\"https:\/\/www.englobaconsulting.com\/ca\/nosaltres\/\",\"url\":\"https:\/\/www.englobaconsulting.com\/ca\/nosaltres\/\",\"name\":\"Nosaltres - Engloba Consulting\",\"isPartOf\":{\"@id\":\"https:\/\/www.englobaconsulting.com\/ca\/#website\"},\"primaryImageOfPage\":{\"@id\":\"https:\/\/www.englobaconsulting.com\/ca\/nosaltres\/#primaryimage\"},\"image\":{\"@id\":\"https:\/\/www.englobaconsulting.com\/ca\/nosaltres\/#primaryimage\"},\"thumbnailUrl\":\"https:\/\/englobaconsulting.com\/wp-content\/uploads\/2018\/12\/kuwonku.jpg\",\"datePublished\":\"2018-12-10T15:20:37+00:00\",\"dateModified\":\"2020-02-12T14:35:52+00:00\",\"breadcrumb\":{\"@id\":\"https:\/\/www.englobaconsulting.com\/ca\/nosaltres\/#breadcrumb\"},\"inLanguage\":\"ca\",\"potentialAction\":[{\"@type\":\"ReadAction\",\"target\":[\"https:\/\/www.englobaconsulting.com\/ca\/nosaltres\/\"]}]},{\"@type\":\"ImageObject\",\"inLanguage\":\"ca\",\"@id\":\"https:\/\/www.englobaconsulting.com\/ca\/nosaltres\/#primaryimage\",\"url\":\"https:\/\/englobaconsulting.com\/wp-content\/uploads\/2018\/12\/kuwonku.jpg\",\"contentUrl\":\"https:\/\/englobaconsulting.com\/wp-content\/uploads\/2018\/12\/kuwonku.jpg\"},{\"@type\":\"BreadcrumbList\",\"@id\":\"https:\/\/www.englobaconsulting.com\/ca\/nosaltres\/#breadcrumb\",\"itemListElement\":[{\"@type\":\"ListItem\",\"position\":1,\"name\":\"Inici\",\"item\":\"https:\/\/www.englobaconsulting.com\/ca\/\"},{\"@type\":\"ListItem\",\"position\":2,\"name\":\"Nosaltres\"}]},{\"@type\":\"WebSite\",\"@id\":\"https:\/\/www.englobaconsulting.com\/ca\/#website\",\"url\":\"https:\/\/www.englobaconsulting.com\/ca\/\",\"name\":\"Engloba Consulting\",\"description\":\"\",\"publisher\":{\"@id\":\"https:\/\/www.englobaconsulting.com\/ca\/#organization\"},\"potentialAction\":[{\"@type\":\"SearchAction\",\"target\":{\"@type\":\"EntryPoint\",\"urlTemplate\":\"https:\/\/www.englobaconsulting.com\/ca\/?s={search_term_string}\"},\"query-input\":{\"@type\":\"PropertyValueSpecification\",\"valueRequired\":true,\"valueName\":\"search_term_string\"}}],\"inLanguage\":\"ca\"},{\"@type\":\"Organization\",\"@id\":\"https:\/\/www.englobaconsulting.com\/ca\/#organization\",\"name\":\"englobaconsulting\",\"url\":\"https:\/\/www.englobaconsulting.com\/ca\/\",\"logo\":{\"@type\":\"ImageObject\",\"inLanguage\":\"ca\",\"@id\":\"https:\/\/www.englobaconsulting.com\/ca\/#\/schema\/logo\/image\/\",\"url\":\"https:\/\/englobaconsulting.com\/wp-content\/uploads\/2018\/10\/logo-header-1x.png\",\"contentUrl\":\"https:\/\/englobaconsulting.com\/wp-content\/uploads\/2018\/10\/logo-header-1x.png\",\"width\":254,\"height\":70,\"caption\":\"englobaconsulting\"},\"image\":{\"@id\":\"https:\/\/www.englobaconsulting.com\/ca\/#\/schema\/logo\/image\/\"}}]}<\/script>\n<!-- \/ Yoast SEO plugin. -->","yoast_head_json":{"title":"Nosaltres - Engloba Consulting","robots":{"index":"index","follow":"follow","max-snippet":"max-snippet:-1","max-image-preview":"max-image-preview:large","max-video-preview":"max-video-preview:-1"},"canonical":"https:\/\/www.englobaconsulting.com\/ca\/nosaltres\/","og_locale":"ca_ES","og_type":"article","og_title":"Nosaltres - Engloba Consulting","og_url":"https:\/\/www.englobaconsulting.com\/ca\/nosaltres\/","og_site_name":"Engloba Consulting","article_modified_time":"2020-02-12T14:35:52+00:00","og_image":[{"url":"https:\/\/englobaconsulting.com\/wp-content\/uploads\/2018\/12\/kuwonku.jpg","type":"","width":"","height":""}],"twitter_card":"summary_large_image","twitter_misc":{"Temps estimat de lectura":"9 minuts"},"schema":{"@context":"https:\/\/schema.org","@graph":[{"@type":"WebPage","@id":"https:\/\/www.englobaconsulting.com\/ca\/nosaltres\/","url":"https:\/\/www.englobaconsulting.com\/ca\/nosaltres\/","name":"Nosaltres - Engloba Consulting","isPartOf":{"@id":"https:\/\/www.englobaconsulting.com\/ca\/#website"},"primaryImageOfPage":{"@id":"https:\/\/www.englobaconsulting.com\/ca\/nosaltres\/#primaryimage"},"image":{"@id":"https:\/\/www.englobaconsulting.com\/ca\/nosaltres\/#primaryimage"},"thumbnailUrl":"https:\/\/englobaconsulting.com\/wp-content\/uploads\/2018\/12\/kuwonku.jpg","datePublished":"2018-12-10T15:20:37+00:00","dateModified":"2020-02-12T14:35:52+00:00","breadcrumb":{"@id":"https:\/\/www.englobaconsulting.com\/ca\/nosaltres\/#breadcrumb"},"inLanguage":"ca","potentialAction":[{"@type":"ReadAction","target":["https:\/\/www.englobaconsulting.com\/ca\/nosaltres\/"]}]},{"@type":"ImageObject","inLanguage":"ca","@id":"https:\/\/www.englobaconsulting.com\/ca\/nosaltres\/#primaryimage","url":"https:\/\/englobaconsulting.com\/wp-content\/uploads\/2018\/12\/kuwonku.jpg","contentUrl":"https:\/\/englobaconsulting.com\/wp-content\/uploads\/2018\/12\/kuwonku.jpg"},{"@type":"BreadcrumbList","@id":"https:\/\/www.englobaconsulting.com\/ca\/nosaltres\/#breadcrumb","itemListElement":[{"@type":"ListItem","position":1,"name":"Inici","item":"https:\/\/www.englobaconsulting.com\/ca\/"},{"@type":"ListItem","position":2,"name":"Nosaltres"}]},{"@type":"WebSite","@id":"https:\/\/www.englobaconsulting.com\/ca\/#website","url":"https:\/\/www.englobaconsulting.com\/ca\/","name":"Engloba Consulting","description":"","publisher":{"@id":"https:\/\/www.englobaconsulting.com\/ca\/#organization"},"potentialAction":[{"@type":"SearchAction","target":{"@type":"EntryPoint","urlTemplate":"https:\/\/www.englobaconsulting.com\/ca\/?s={search_term_string}"},"query-input":{"@type":"PropertyValueSpecification","valueRequired":true,"valueName":"search_term_string"}}],"inLanguage":"ca"},{"@type":"Organization","@id":"https:\/\/www.englobaconsulting.com\/ca\/#organization","name":"englobaconsulting","url":"https:\/\/www.englobaconsulting.com\/ca\/","logo":{"@type":"ImageObject","inLanguage":"ca","@id":"https:\/\/www.englobaconsulting.com\/ca\/#\/schema\/logo\/image\/","url":"https:\/\/englobaconsulting.com\/wp-content\/uploads\/2018\/10\/logo-header-1x.png","contentUrl":"https:\/\/englobaconsulting.com\/wp-content\/uploads\/2018\/10\/logo-header-1x.png","width":254,"height":70,"caption":"englobaconsulting"},"image":{"@id":"https:\/\/www.englobaconsulting.com\/ca\/#\/schema\/logo\/image\/"}}]}},"_links":{"self":[{"href":"https:\/\/www.englobaconsulting.com\/ca\/wp-json\/wp\/v2\/pages\/1060","targetHints":{"allow":["GET"]}}],"collection":[{"href":"https:\/\/www.englobaconsulting.com\/ca\/wp-json\/wp\/v2\/pages"}],"about":[{"href":"https:\/\/www.englobaconsulting.com\/ca\/wp-json\/wp\/v2\/types\/page"}],"author":[{"embeddable":true,"href":"https:\/\/www.englobaconsulting.com\/ca\/wp-json\/wp\/v2\/users\/1"}],"replies":[{"embeddable":true,"href":"https:\/\/www.englobaconsulting.com\/ca\/wp-json\/wp\/v2\/comments?post=1060"}],"version-history":[{"count":21,"href":"https:\/\/www.englobaconsulting.com\/ca\/wp-json\/wp\/v2\/pages\/1060\/revisions"}],"predecessor-version":[{"id":1532,"href":"https:\/\/www.englobaconsulting.com\/ca\/wp-json\/wp\/v2\/pages\/1060\/revisions\/1532"}],"wp:attachment":[{"href":"https:\/\/www.englobaconsulting.com\/ca\/wp-json\/wp\/v2\/media?parent=1060"}],"curies":[{"name":"wp","href":"https:\/\/api.w.org\/{rel}","templated":true}]}}